{"id":10639,"date":"2023-11-20T13:36:29","date_gmt":"2023-11-20T13:36:29","guid":{"rendered":"https:\/\/chameleon.ca\/?page_id=10639"},"modified":"2023-11-20T14:04:28","modified_gmt":"2023-11-20T14:04:28","slug":"politique-de-confidentialite","status":"publish","type":"page","link":"https:\/\/chameleon.ca\/fr\/politique-de-confidentialite\/","title":{"rendered":"POLITIQUE DE CONFIDENTIALIT\u00c9"},"content":{"rendered":"<h1><strong>POLITIQUE DE CONFIDENTIALIT\u00c9<\/strong><\/h1>\n<p><em>Chameleon Innovations<\/em> (\u00ab <strong>Chameleon <\/strong>\u00bb ou \u00ab <strong>nous <\/strong>\u00bb) se soucie du respect de la vie priv\u00e9e et de la protection des Renseignements Personnels. Chameleon Innovations s\u2019engage \u00e0 prot\u00e9ger vos Renseignements Personnels recueillis lors de votre utilisation du site web <a href=\"http:\/\/www.chameleon.ca\">www.chameleon.ca<\/a> (le \u00ab <strong>site web<\/strong> \u00bb) et lorsque vous communiquez avec nous et \u00e0 ne les utiliser qu\u2019aux fins auxquelles ils ont \u00e9t\u00e9 recueillis.<\/p>\n<h1>1. Objet, port\u00e9e et utilisateurs<\/h1>\n<p>La pr\u00e9sente Politique de Confidentialit\u00e9 (la \u00ab\u00a0<strong>Politique<\/strong> \u00bb) d\u00e9crit nos politiques et proc\u00e9dures en ce qui concerne la collecte, l\u2019utilisation et la conservation de renseignements obtenus par Chameleon concernant les individus qui acc\u00e8dent \u00e0 ou utilisent le site web ou lorsqu\u2019ils communiquent avec nous, que ce soit par courriel, par t\u00e9l\u00e9phone, via les r\u00e9seaux sociaux ou autrement (les \u00ab <strong>utilisateurs<\/strong> \u00bb ou \u00ab\u00a0<strong>vous<\/strong>\u00a0\u00bb).<\/p>\n<p>EN ACC\u00c9DANT AU SITE WEB OU EN NOUS COMMUNIQUANT AUTREMENT DES RENSEIGNEMENTS PERSONNELS, VOUS CONSENTEZ \u00c0 LA COLLECTE, \u00c0 L\u2019UTILISATION, \u00c0 LA COMMUNICATION ET \u00c0 LA CONSERVATION DE VOS RENSEIGNEMENTS PERSONNELS SELON LES CONDITIONS D\u00c9CRITES DANS LA PR\u00c9SENTE POLITIQUE.<\/p>\n<p>La pr\u00e9sente Politique a \u00e9t\u00e9 mise \u00e0 jour le <strong>20 novembre 2023<\/strong>. Nous nous r\u00e9servons le droit de changer la pr\u00e9sente Politique \u00e0 tout moment sans pr\u00e9avis. La version \u00e0 jour de la Politique est disponible sur le site web et sa date d\u2019entr\u00e9e en vigueur y est indiqu\u00e9e. Nous vous recommandons de consulter r\u00e9guli\u00e8rement cette Politique.<\/p>\n<h1><a name=\"_Toc122359348\"><\/a>2. Cueillette et utilisation des Renseignements Personnels<\/h1>\n<p>Le terme \u00ab\u00a0<strong>Renseignement Personnel<\/strong>\u00a0\u00bb d\u00e9signe tout renseignement qui, lorsque pris seul ou en combinaison avec d\u2019autres renseignements, permet d\u2019identifier un individu, par exemple son nom, sa date de naissance, son adresse courriel, et tout autre renseignement devant \u00eatre trait\u00e9 comme un \u00ab\u00a0Renseignement Personnel\u00a0\u00bb conform\u00e9ment aux lois applicables.<\/p>\n<h2>2.1. Quels renseignements ou donn\u00e9es nous recueillons?<\/h2>\n<p>Nous recueillons les Renseignements Personnels ou donn\u00e9es suivantes\u00a0:<\/p>\n<h3>2.1.1. Coordonn\u00e9es<\/h3>\n<p><a name=\"_Toc122359350\"><\/a>Nous recueillons certains Renseignements Personnels vous concernant afin de pouvoir vous identifier et vous contacter au besoin, lesquels vous fournissez volontairement, par exemple lors de votre premier contact avec nous ou encore lors de votre prise en charge comme nouveau client. Ces Renseignements Personnels peuvent inclure, selon le cas, votre nom complet et vos coordonn\u00e9es (adresse postale, adresse courriel, num\u00e9ro de t\u00e9l\u00e9phone, langue pr\u00e9f\u00e9r\u00e9e).<\/p>\n<h3>2.1.2. Utilisation de donn\u00e9es<\/h3>\n<p>Les donn\u00e9es d&rsquo;utilisation sont recueillies automatiquement lorsque le site web est utilis\u00e9.<\/p>\n<p>Les donn\u00e9es d&rsquo;utilisation peuvent inclure des Renseignements Personnels, telles que l&rsquo;adresse de protocole Internet de votre appareil (par exemple l&rsquo;adresse IP) ou des identifiants uniques de l&rsquo;appareil, ainsi que d&rsquo;autres informations d&rsquo;utilisation concernant les moyens et les raisons de votre visite, comme le type de navigateur, la version du navigateur, les pages de notre service que vous visitez, l&rsquo;heure et la date de votre visite, le temps pass\u00e9 sur ces pages et d&rsquo;autres donn\u00e9es de diagnostic.<\/p>\n<p>Lorsque vous acc\u00e9dez au site web via un appareil mobile, nous pouvons recueillir automatiquement certaines informations, notamment, mais sans s&rsquo;y limiter, le type d&rsquo;appareil mobile que vous utilisez, votre identifiant unique d&rsquo;appareil mobile, l&rsquo;adresse IP de votre appareil mobile, votre syst\u00e8me d&rsquo;exploitation mobile, le type de navigateur Internet mobile que vous utilisez, les identifiants uniques de l&rsquo;appareil et d&rsquo;autres donn\u00e9es d\u2019utilisation.<\/p>\n<p>Nous pouvons \u00e9galement recueillir des informations que votre navigateur envoie chaque fois que vous visitez notre service ou lorsque vous acc\u00e9dez au site web ou via un appareil mobile.<\/p>\n<h3>2.1.3. Technologies de suivi et t\u00e9moins<\/h3>\n<p>Nous utilisons des t\u00e9moins (\u00e9galement appel\u00e9s \u00ab <em>cookies<\/em> \u00bb) et des technologies de suivi similaires pour suivre l&rsquo;activit\u00e9 sur notre service et stocker certaines informations. Un <strong>t\u00e9moin<\/strong> est un petit fichier d\u00e9pos\u00e9 sur votre appareil. Vous pouvez configurer votre navigateur pour refuser tous les t\u00e9moins ou pour indiquer quand un t\u00e9moin est envoy\u00e9. Cependant, si vous n&rsquo;acceptez pas les t\u00e9moins, vous ne pourrez peut-\u00eatre pas utiliser certaines parties de notre service.<\/p>\n<p>Les technologies de suivi utilis\u00e9es sont des balises, des mots-cl\u00e9s et des scripts pour recueillir et suivre des informations ainsi que pour am\u00e9liorer et analyser notre service. Certaines sections de notre Service et nos courriels peuvent contenir de petits fichiers \u00e9lectroniques appel\u00e9s <strong>balises web<\/strong> qui nous permettent, par exemple, de compter les utilisateurs qui ont visit\u00e9 ces pages ou ouvert un courriel et pour d&rsquo;autres statistiques li\u00e9es au site web (par exemple, enregistrer la popularit\u00e9 d&rsquo;une certaine section et v\u00e9rifier l&rsquo;int\u00e9grit\u00e9 du syst\u00e8me et du serveur).<\/p>\n<p>Les t\u00e9moins peuvent \u00eatre des t\u00e9moins \u00ab persistants \u00bb ou \u00ab de session \u00bb. Les t\u00e9moins persistants restent sur votre ordinateur personnel ou appareil mobile lorsque vous vous d\u00e9connectez, tandis que les t\u00e9moins de session sont supprim\u00e9s d\u00e8s que vous fermez votre navigateur Internet. Nous utilisons \u00e0 la fois des t\u00e9moins de session et des t\u00e9moins persistants aux fins \u00e9nonc\u00e9es ci-dessous\u00a0:<\/p>\n<ul>\n<li><strong>T\u00e9moins n\u00e9cessaires\/essentiels<\/strong><\/li>\n<\/ul>\n<p>Type : T\u00e9moins de session<\/p>\n<p>Objet: Ces t\u00e9moins sont essentiels pour vous fournir les services disponibles sur le site web et vous permettre d&rsquo;utiliser certaines de ses fonctionnalit\u00e9s. Ils aident \u00e0 authentifier les utilisateurs et \u00e0 pr\u00e9venir l&rsquo;utilisation frauduleuse des comptes d&rsquo;utilisateurs. Sans ces t\u00e9moins, les services que vous avez demand\u00e9s ne peuvent pas \u00eatre fournis et nous utilisons ces t\u00e9moins uniquement pour vous fournir ces services.<\/p>\n<ul>\n<li><strong>Avis d\u2019acceptation de t\u00e9moins<\/strong><\/li>\n<\/ul>\n<p>Type : T\u00e9moins persistants<\/p>\n<p>Objet: Ces t\u00e9moins identifient si les utilisateurs ont accept\u00e9 l&rsquo;utilisation de t\u00e9moins sur le site web.<\/p>\n<ul>\n<li><strong>T\u00e9moins fonctionnels<\/strong><\/li>\n<\/ul>\n<p>Type : T\u00e9moins persistants<\/p>\n<p>Objet: Ces t\u00e9moins nous permettent de m\u00e9moriser les choix que vous faites lors de l&rsquo;utilisation du site web, comme la m\u00e9morisation de vos informations de connexion ou de vos pr\u00e9f\u00e9rences linguistiques. Le but de ces t\u00e9moins est de vous offrir une exp\u00e9rience plus personnelle et de vous \u00e9viter de devoir saisir \u00e0 nouveau vos pr\u00e9f\u00e9rences \u00e0 chaque fois que vous utilisez le site web.<\/p>\n<ul>\n<li><strong>T\u00e9moins de suivi et de performance<\/strong><\/li>\n<\/ul>\n<p>Type: T\u00e9moins persistants<\/p>\n<p>Objet: Ces t\u00e9moins sont utilis\u00e9s pour suivre des informations de trafic sur le site web et sur la mani\u00e8re dont les utilisateurs utilisent le site web. Les renseignements recueillis via ces t\u00e9moins peuvent vous identifier directement ou indirectement en tant que visiteur individuel. En effet, les renseignements recueillis sont g\u00e9n\u00e9ralement li\u00e9s \u00e0 un identifiant pseudonyme associ\u00e9 \u00e0 l&rsquo;appareil que vous utilisez pour acc\u00e9der au site web. Nous pouvons \u00e9galement utiliser ces t\u00e9moins pour tester de nouvelles pages, fonctionnalit\u00e9s ou fonctions sur le site web afin de voir comment nos utilisateurs y r\u00e9agissent.<\/p>\n<p>Il se peut que nous utilisions des outils de performance fournis par des tiers, tels que <em>Google Analytics<\/em>, pour recueillir des informations qui ne sont pas de nature personnelle, comme le navigateur Internet et le type de syst\u00e8me d\u2019exploitation que vous utilisez et le nom de domaine \u00e0 partir duquel vous avez \u00e9t\u00e9 dirig\u00e9 aux sites web. <em>Google Analytics<\/em> emploie des t\u00e9moins afin de recueillir des donn\u00e9es statistiques en forme agr\u00e9g\u00e9e, dans le but d\u2019analyser comment les visiteurs utilisent un site web. Ces t\u00e9moins sont employ\u00e9s afin de conserver des donn\u00e9es non personnellement identifiables. Si vous ne souhaitez pas transmettre d\u2019informations \u00e0 <em>Google Analytics<\/em>, vous pouvez choisir de d\u00e9sactiver l\u2019utilisation ou la r\u00e9colte de vos donn\u00e9es en employant le module compl\u00e9mentaire de navigateur pour la d\u00e9sactivation de <em>Google Analytics<\/em> disponible au <a href=\"https:\/\/tools.google.com\/dlpage\/gaoptout\">https:\/\/tools.google.com\/dlpage\/gaoptout<\/a> . Pour plus d\u2019informations concernant <em>Google<\/em> <em>Analytics<\/em> et la mani\u00e8re dont ce tiers traite et g\u00e8re vos Renseignements Personnels, vous pouvez consulter leur politique de vie priv\u00e9e disponible au <a href=\"http:\/\/www.google.com\/intl\/fr-CA\/policies\/privacy\/\">http:\/\/www.google.com\/intl\/fr-CA\/policies\/privacy\/<\/a> .<\/p>\n<h2>2.2. Comment nous recueillons vos Renseignements Personnels ?<\/h2>\n<p>Vous fournissez volontairement la plupart des Renseignements Personnels que nous recueillons directement \u00e0 notre entreprise. Nous recueillons des Renseignements Personnels et traitons des donn\u00e9es lorsque vous :<\/p>\n<ul>\n<li>Remplissez le formulaire sur notre site web\u00a0;<\/li>\n<li>Vous inscrivez en ligne ou vous passez une commande pour l&rsquo;un de nos produits ou services;<\/li>\n<li>R\u00e9pondez volontairement \u00e0 un sondage aupr\u00e8s des clients ou fournissez vos commentaires sur l&rsquo;un de nos forums de discussion ou par courriel; ou<\/li>\n<li>Utilisez ou consultez notre site web via les t\u00e9moins de votre navigateur.<\/li>\n<\/ul>\n<h1><a name=\"_Toc122359353\"><\/a>3. Utilisation et r\u00e9tention de vos Renseignements Personnels<\/h1>\n<p>Les Renseignements Personnels qui sont recueillis et utilis\u00e9s le sont notamment aux fins suivantes\u00a0:<\/p>\n<ul>\n<li>afin de permettre aux utilisateurs d\u2019acc\u00e9der au site web et de l\u2019utiliser convenablement;<\/li>\n<li>afin de traiter les demandes des utilisateurs, notamment les demandes d\u2019informations concernant nos services et nos produits;<\/li>\n<li>afin de communiquer avec vous relativement \u00e0 nos activit\u00e9s, \u00e0 une probl\u00e9matique ou un besoin que vous avez, \u00e0 votre exp\u00e9rience avec nos services ou avec notre site web;<\/li>\n<li>afin de permettre aux utilisateurs de postuler pour un poste affich\u00e9;<\/li>\n<li>afin d\u2019\u00e9valuer, d\u2019optimiser et d\u2019am\u00e9liorer le contenu et les fonctionnalit\u00e9s du site web; et<\/li>\n<li>afin de proposer aux utilisateurs du contenu publicitaire, notamment par du \u00ab reciblage \u00bb (ou du \u00ab remarketing \u00bb), et d\u2019am\u00e9liorer le contenu de nos publicit\u00e9s et de notre site web de mani\u00e8re \u00e0 ce qu\u2019ils soient mieux adapt\u00e9s ou d\u2019int\u00e9r\u00eat pour le public.<\/li>\n<\/ul>\n<p>Chameleon conserve les Renseignements Personnels pendant une p\u00e9riode raisonnable soit pour vous donner correctement acc\u00e8s aux sites web, soit pour r\u00e9pondre enti\u00e8rement \u00e0 vos demandes, soit pour atteindre les fins \u00e9nonc\u00e9es, conform\u00e9ment aux dispositions de la loi, selon celui de ces d\u00e9lais qui est le plus long. Apr\u00e8s cette p\u00e9riode, nous veillons \u00e0 leur anonymisation ou nous les d\u00e9truisons de fa\u00e7on \u00e0 en assurer la protection contre un acc\u00e8s ou une communication non autoris\u00e9e.<\/p>\n<h1><a name=\"_Toc122359355\"><\/a>4. Marketing<\/h1>\n<p>Chameleon souhaite vous envoyer des informations sur nos produits et services qui, selon nous, pourraient vous plaire. Si vous acceptez de recevoir du marketing, vous pourrez toujours vous d\u00e9sinscrire ult\u00e9rieurement.<\/p>\n<p>Si vous ne souhaitez plus \u00eatre contact\u00e9 \u00e0 des fins marketing, veuillez cliquer sur le lien \u00ab se d\u00e9sabonner \u00bb dans le courriel de marketing.<\/p>\n<h1>5. Divulgation de vos Renseignements Personnels<\/h1>\n<p><a name=\"_Toc122359358\"><\/a>Chameleon ne divulguera jamais vos Renseignements Personnels \u00e0 quiconque \u00e0 l\u2019ext\u00e9rieur de notre compagnie sans votre consentement, \u00e0 l\u2019exception des tiers suivants et seulement si ceux-ci ont mis en place les garanties de s\u00e9curit\u00e9 appropri\u00e9es afin d\u2019assurer au moins le m\u00eame niveau de s\u00e9curit\u00e9 que le n\u00f4tre\u00a0:<\/p>\n<h2>5.1. Prestataires de services<\/h2>\n<p>Nos fournisseurs dont les services ont \u00e9t\u00e9 retenus afin de s\u2019acquitter de certaines fonctions pour notre compte (par exemple, traitement et conservation de donn\u00e9es, analyse de la qualit\u00e9 du service, suivi et gestion des candidatures et du recrutement, etc.). Dans ce cas, nous prenons les mesures n\u00e9cessaires pour s\u2019assurer que ces tiers n\u2019ont acc\u00e8s qu\u2019aux renseignements qui sont n\u00e9cessaires pour mener \u00e0 bien les services convenus qu\u2019ils traitent vos renseignements aux seules fins que nous avons d\u00e9termin\u00e9es et qu\u2019ils ont en place des mesures de protection des Renseignements Personnels conformes aux lois applicables et permettant de respecter les m\u00eames conditions et le m\u00eame niveau de protection que ce qui est \u00e9dict\u00e9 dans la pr\u00e9sente Politique;<\/p>\n<h2>5.2. Transactions commerciales<\/h2>\n<p>Si Chameleon fait l\u2019objet ou projette de faire partie d\u2019une fusion, une r\u00e9organisation corporative ou un changement de contr\u00f4le, vos Renseignements Personnels peuvent \u00eatre transf\u00e9r\u00e9s, en tout ou en partie, uniquement si les parties ont sign\u00e9 une entente stipulant que la collecte, l\u2019utilisation et la divulgation de l\u2019information sont limit\u00e9es aux objectifs de la transaction commerciale;<\/p>\n<h2><a name=\"_Toc122359359\"><\/a>5.3. Application de la loi<\/h2>\n<p>Dans certaines circonstances, Chameleon peut \u00eatre oblig\u00e9 de divulguer vos Renseignements Personnels si cela est requis conform\u00e9ment \u00e0 la loi ou en r\u00e9ponse des demandes valides des autorit\u00e9s publiques (par exemple, un tribunal ou un organisme gouvernemental);<\/p>\n<h2>5.4. Autres exigences l\u00e9gales<\/h2>\n<p>Chameleon peut divulguer vos Renseignements Personnels dans la conviction de bonne foi qu\u2019une telle action est n\u00e9cessaire pour:<\/p>\n<ul>\n<li>Se conformer \u00e0 une obligation l\u00e9gale;<\/li>\n<li>Prot\u00e9ger et d\u00e9fendre les droits et la propri\u00e9t\u00e9 de Chameleon;<\/li>\n<li>Pr\u00e9venir ou enqu\u00eater sur d&rsquo;\u00e9ventuels actes r\u00e9pr\u00e9hensibles en relation avec le site web; et<\/li>\n<li>Se prot\u00e9ger contre toute responsabilit\u00e9 l\u00e9gale.<\/li>\n<\/ul>\n<h1>6. La s\u00e9curit\u00e9 de vos Renseignements Personnels<\/h1>\n<p>Tous les Renseignements Personnels et autres donn\u00e9es sont conserv\u00e9s sur des serveurs avec des garanties de haute s\u00e9curit\u00e9, prot\u00e9g\u00e9es contre les usages non conformes et l\u2019acc\u00e8s par des personnes non autoris\u00e9es. Nous nous effor\u00e7ons de maintenir en place les mesures de s\u00e9curit\u00e9 physiques, administratives et techniques n\u00e9cessaires \u00e0 nos bureaux et aux centres de conservation de renseignements. Les Renseignements Personnels sont uniquement mis \u00e0 la disposition des individus (employ\u00e9s ou agents) qui doivent avoir acc\u00e8s \u00e0 ces informations pour mener \u00e0 bien leurs responsabilit\u00e9s.<\/p>\n<p>Chameleon d\u00e9ploie des moyens raisonnables pour prot\u00e9ger vos Renseignements Personnels transmis lors de votre utilisation du site web. Plus sp\u00e9cifiquement, nous utilisons des mesures techniques et organisationnelles ad\u00e9quates pour prot\u00e9ger vos Renseignements Personnels contre la perte ou le vol, ainsi que contre un acc\u00e8s ou une divulgation non autoris\u00e9e, tant \u00e0 l\u2019interne qu\u2019\u00e0 l\u2019externe de notre organisation. Toutefois, aucun m\u00e9canisme de s\u00e9curit\u00e9 n&rsquo;est parfait et vous devez savoir qu&rsquo;il existe toujours un certain risque de bris de s\u00e9curit\u00e9. Chameleon d\u00e9cline toute responsabilit\u00e9 eu \u00e9gard au fait que de telles informations vous concernant pourraient \u00eatre divulgu\u00e9es, sauf en cas de n\u00e9gligence de la part de Chameleon.<\/p>\n<p>Toutes les donn\u00e9es, incluant les Renseignements Personnels, recueillis dans le cadre de votre utilisation du site web, sont conserv\u00e9es sur des serveurs situ\u00e9s au Qu\u00e9bec. Toutefois, ces donn\u00e9es peuvent \u00eatre trait\u00e9es par de tiers fournisseurs de services de Chameleon situ\u00e9s \u00e0 l\u2019ext\u00e9rieur du Qu\u00e9bec afin de leur permettre de s\u2019acquitter de mandats pour le compte de Chameleon. Dans ce dernier cas, Chameleon prend les moyens raisonnables pour s\u2019assurer que ces tiers sont li\u00e9s par des garanties appropri\u00e9es.<\/p>\n<h1>7. Vos droits \u00e0 la vie priv\u00e9e<\/h1>\n<p>Chameleon s&rsquo;engage \u00e0 respecter la confidentialit\u00e9 de vos Renseignements Personnels et \u00e0 garantir que vous puissiez exercer vos droits.<\/p>\n<p>En vertu de cette pr\u00e9sente Politique et des lois applicables, vous avez le droit de\u00a0:<\/p>\n<ul>\n<li><strong>Demander l\u2019acc\u00e8s \u00e0 vos Renseignements Personnels<\/strong>. Le droit d\u2019acc\u00e9der, de mettre \u00e0 jour ou de supprimer les renseignements que nous d\u00e9tenons sur vous. Cela vous permet \u00e9galement de recevoir une copie des Renseignements Personnels que nous d\u00e9tenons \u00e0 votre sujet;<\/li>\n<li><strong>Demander la correction de vos Renseignements Personnels<\/strong>. Vous avez le droit de corriger tout renseignement incomplet ou inexact que nous d\u00e9tenons \u00e0 votre sujet;<\/li>\n<li><strong>Demander l\u2019arr\u00eat de la cueillette ou la suppression de vos Renseignements Personnels. <\/strong>Vous avez le droit de nous demander d&rsquo;arr\u00eater de recueillir ou de supprimer des Renseignements Personnels lorsqu&rsquo;il n&rsquo;y a aucune bonne raison pour que nous continuions \u00e0 les traiter;<\/li>\n<li><strong>Demander le transfert de vos Renseignements Personnels<\/strong>. Nous vous fournirons, ou \u00e0 un tiers choisi par vous, vos Renseignements Personnels dans un format structur\u00e9, couramment utilis\u00e9 et lisible par machine. Veuillez noter que ce droit s&rsquo;applique uniquement aux renseignements automatis\u00e9s que vous avez initialement consenties \u00e0 ce que nous utilisions ou lorsque nous avons utilis\u00e9 ces renseignements pour ex\u00e9cuter un contrat avec vous; et<\/li>\n<li><strong>Retirer votre consentement<\/strong>. Vous avez le droit de retirer votre consentement \u00e0 l&rsquo;utilisation de vos Renseignements Personnels. Si vous retirez votre consentement, nous pourrions ne pas \u00eatre en mesure de vous donner acc\u00e8s \u00e0 des fonctionnalit\u00e9s sp\u00e9cifiques du site web.<\/li>\n<\/ul>\n<h2>7.1. Exercer vos droits en mati\u00e8re de protection de vos Renseignements Personnels<\/h2>\n<p>Vous pouvez exercer vos droits d&rsquo;acc\u00e8s, de rectification, d&rsquo;annulation et d&rsquo;opposition en nous contactant. Veuillez noter que nous pouvons vous demander de v\u00e9rifier votre identit\u00e9 avant de r\u00e9pondre \u00e0 de telles demandes. Si vous faites une demande, nous ferons de notre mieux pour y r\u00e9pondre dans les plus brefs d\u00e9lais. Vous avez le droit de d\u00e9poser une plainte aupr\u00e8s d&rsquo;une autorit\u00e9 de protection des Renseignements Personnels concernant notre collecte et notre utilisation de vos Renseignements Personnels. Pour plus d\u2019informations, si vous \u00eates au Qu\u00e9bec, veuillez <a href=\"https:\/\/www.cai.gouv.qc.ca\/incident-de-confidentialite-impliquant-des-renseignements-personnels\/aviser-commission-et-personnes\/\">visiter la Commission d&rsquo;acc\u00e8s \u00e0 l&rsquo;information du Qu\u00e9bec<\/a>.<\/p>\n<h1><a name=\"_Toc122359367\"><\/a>8. Hyperliens aux autres sites web<\/h1>\n<p>Notre site web peut contenir des liens vers des sites Internet ou plateformes appartenant \u00e0 des tiers. Si vous cliquez sur un de ces liens, vous serez redirig\u00e9 vers le site web d\u2019un tiers. Nous vous sugg\u00e9rons fortement de consulter la politique de confidentialit\u00e9 propre \u00e0 chaque site Internet que vous visitez. Nous n\u2019exer\u00e7ons aucun contr\u00f4le sur ces sites Internet de tiers et le fait que ces liens soient accessibles sur notre site web n&rsquo;engage en aucun cas notre responsabilit\u00e9.<\/p>\n<h1>9. Contactez-nous<\/h1>\n<p>Si vous avez des questions au sujet de la Politique de Chameleon, les Renseignements Personnels que nous recueillons ou si vous souhaitez exercer l\u2019un de vos droits \u00e0 la vie priv\u00e9e, veuillez communiquer avec notre responsable de la protection des Renseignements Personnels, Geordan Gay, de la fa\u00e7on suivante :<\/p>\n<ul>\n<li>En visitant cette page sur notre site web: <a href=\"https:\/\/chameleon.ca\/fr\/nous-joindre\/\">https:\/\/chameleon.ca\/fr\/nous-joindre\/<\/a><\/li>\n<li>En nous envoyant un message courriel : <a href=\"mailto:Privacy@chameleon.ca\">privacy@chameleon.ca<\/a><\/li>\n<\/ul>\n","protected":false},"excerpt":{"rendered":"<p>POLITIQUE DE CONFIDENTIALIT\u00c9 Chameleon Innovations (\u00ab Chameleon \u00bb ou \u00ab nous \u00bb) se soucie du respect de la vie priv\u00e9e et de la protection des Renseignements Personnels. Chameleon Innovations s\u2019engage \u00e0 prot\u00e9ger vos Renseignements Personnels recueillis lors de votre utilisation du site web www.chameleon.ca (le \u00ab site web \u00bb) et lorsque vous communiquez avec nous [&hellip;]<\/p>\n","protected":false},"author":190,"featured_media":6343,"parent":0,"menu_order":0,"comment_status":"open","ping_status":"open","template":"","meta":{"footnotes":""},"class_list":["post-10639","page","type-page","status-publish","has-post-thumbnail","hentry"],"_links":{"self":[{"href":"https:\/\/chameleon.ca\/fr\/wp-json\/wp\/v2\/pages\/10639","targetHints":{"allow":["GET"]}}],"collection":[{"href":"https:\/\/chameleon.ca\/fr\/wp-json\/wp\/v2\/pages"}],"about":[{"href":"https:\/\/chameleon.ca\/fr\/wp-json\/wp\/v2\/types\/page"}],"author":[{"embeddable":true,"href":"https:\/\/chameleon.ca\/fr\/wp-json\/wp\/v2\/users\/190"}],"replies":[{"embeddable":true,"href":"https:\/\/chameleon.ca\/fr\/wp-json\/wp\/v2\/comments?post=10639"}],"version-history":[{"count":3,"href":"https:\/\/chameleon.ca\/fr\/wp-json\/wp\/v2\/pages\/10639\/revisions"}],"predecessor-version":[{"id":10642,"href":"https:\/\/chameleon.ca\/fr\/wp-json\/wp\/v2\/pages\/10639\/revisions\/10642"}],"wp:featuredmedia":[{"embeddable":true,"href":"https:\/\/chameleon.ca\/fr\/wp-json\/wp\/v2\/media\/6343"}],"wp:attachment":[{"href":"https:\/\/chameleon.ca\/fr\/wp-json\/wp\/v2\/media?parent=10639"}],"curies":[{"name":"wp","href":"https:\/\/api.w.org\/{rel}","templated":true}]}}