{"id":1147,"date":"2015-02-18T16:07:41","date_gmt":"2015-02-18T16:07:41","guid":{"rendered":"http:\/\/chameleon.ca\/?page_id=1147&#038;lang=fr"},"modified":"2024-02-27T17:26:41","modified_gmt":"2024-02-27T17:26:41","slug":"home","status":"publish","type":"page","link":"https:\/\/chameleon.ca\/fr\/","title":{"rendered":"Acceuil"},"content":{"rendered":"<div class=\"wpb-content-wrapper\"><p>[vc_row full_width=\u00a0\u00bbstretch_row_content\u00a0\u00bb content_placement=\u00a0\u00bbbottom\u00a0\u00bb el_id=\u00a0\u00bbfull_video\u00a0\u00bb][vc_column offset=\u00a0\u00bbvc_hidden-sm vc_hidden-xs\u00a0\u00bb]<div class=\"video-js--shortcode wpb_content_element \">\r\n\t<video id=\"videojs7794\" preload=\"auto\" \t\t   class=\"video-js vjs-big-play-centered hide-mobile\"  autoplay  loop\t\t   preload=\"none\">\r\n\t\t\t\t\t<source src=\"https:\/\/chameleon.ca\/wp-content\/uploads\/2016\/07\/Homepage-Video.mp4\" type=\"video\/mp4\">\r\n\t\t\t\tI'm sorry; your browser doesn't support HTML5 video in WebM with VP8\/VP9 or MP4 with H.264.\r\n\t<\/video>\r\n<\/div>[\/vc_column][\/vc_row][vc_row full_width=\u00a0\u00bbstretch_row_content\u00a0\u00bb content_placement=\u00a0\u00bbbottom\u00a0\u00bb][vc_column offset=\u00a0\u00bbvc_hidden-lg vc_hidden-md\u00a0\u00bb css=\u00a0\u00bb.vc_custom_1569551372489{background-image: url(https:\/\/chameleon.ca\/wp-content\/uploads\/2015\/02\/banners_homepage-2.jpg?id=6132) !important;background-position: center !important;background-repeat: no-repeat !important;background-size: cover !important;}\u00a0\u00bb][vc_empty_space height=\u00a0\u00bb50vh\u00a0\u00bb][\/vc_column][\/vc_row][vc_row][vc_column el_class=\u00a0\u00bbcontainer\u00a0\u00bb][vc_row_inner css=\u00a0\u00bb.vc_custom_1471900613789{background-color: rgba(0,61,166,0.6) !important;*background-color: rgb(0,61,166) !important;}\u00a0\u00bb][vc_column_inner el_class=\u00a0\u00bbcontainer\u00a0\u00bb][vc_custom_heading text=\u00a0\u00bbToiles R\u00e9tractables et Abris R\u00e9tractables\u00a0\u00bb font_container=\u00a0\u00bbtag:h2|text_align:center|color:%23ffffff\u00a0\u00bb use_theme_fonts=\u00a0\u00bbyes\u00a0\u00bb][vc_icon icon_fontawesome=\u00a0\u00bbfa fa-arrow-circle-o-down\u00a0\u00bb color=\u00a0\u00bbwhite\u00a0\u00bb align=\u00a0\u00bbcenter\u00a0\u00bb el_class=\u00a0\u00bbscroll-down\u00a0\u00bb][\/vc_column_inner][\/vc_row_inner][vc_row_inner equal_height=\u00a0\u00bbyes\u00a0\u00bb][vc_column_inner el_class=\u00a0\u00bbcontainer\u00a0\u00bb width=\u00a0\u00bb1\/3&Prime;][vc_custom_heading text=\u00a0\u00bbSolutions de Transport\u00a0\u00bb use_theme_fonts=\u00a0\u00bbyes\u00a0\u00bb][vc_column_text]<em>Les Syst\u00e8mes de Toiles R\u00e9tractables<\/em><\/p>\n<ul class=\"front-list\">\n<li><a href=\"http:\/\/chameleon.ca\/toiles-retractables\/plates-formes\/?lang=fr\">Syst\u00e8me de toile pour plates-formes<\/a><\/li>\n<li><a href=\"http:\/\/chameleon.ca\/toiles-retractables\/plate-forme-surbaissee\/?lang=fr\">Syst\u00e8me de toile pour plate-forme surbaiss\u00e9e<\/a><\/li>\n<li><a href=\"http:\/\/chameleon.ca\/toiles-retractables\/camion-porteur\/?lang=fr\">Syst\u00e8me de toile pour camion porteur<\/a><\/li>\n<\/ul>\n<p>[\/vc_column_text][\/vc_column_inner][vc_column_inner width=\u00a0\u00bb1\/3&Prime;][vc_custom_heading text=\u00a0\u00bbSolutions Industrielles\u00a0\u00bb use_theme_fonts=\u00a0\u00bbyes\u00a0\u00bb][vc_column_text]<em>Abris R\u00e9tractables<\/em><\/p>\n<ul class=\"front-list\">\n<li><a href=\"http:\/\/chameleon.ca\/solutions-industrielles\/filtration-des-vapeurs-et-de-la-poussiere\/?lang=fr\">Filtration des vapeurs et de la poussi\u00e8re<\/a><\/li>\n<li><a href=\"http:\/\/chameleon.ca\/solutions-industrielles\/durcissement-du-beton-prefabrique\/?lang=fr\">Durcissement du b\u00e9ton pr\u00e9fabriqu\u00e9<\/a><\/li>\n<li><a href=\"http:\/\/chameleon.ca\/solutions-industrielles\/essai-non-destructif\/?lang=fr\">Essai non destructif<\/a><\/li>\n<li><a href=\"http:\/\/chameleon.ca\/services-dinstallation-et-de-mise-en-service-sur-place\/?lang=fr\">Services d&rsquo;installation<\/a><\/li>\n<\/ul>\n<p>[\/vc_column_text][\/vc_column_inner][vc_column_inner width=\u00a0\u00bb1\/3&Prime;][vc_custom_heading text=\u00a0\u00bbRestez en contact!\u00a0\u00bb use_theme_fonts=\u00a0\u00bbyes\u00a0\u00bb][vc_column_text]<\/p>\n<ul class=\"front-list\">\n<li class=\"subheading\">1-888-695-3382<\/li>\n<li><a href=\"http:\/\/chameleon.ca\/contact-us\/\">Nous joindre<\/a><\/li>\n<li><a href=\"https:\/\/www.facebook.com\/rollingtarps\/\">Facebook<\/a><\/li>\n<li><a href=\"https:\/\/www.instagram.com\/chameleoninnovations\/\">Instagram<\/a><\/li>\n<li><a href=\"https:\/\/www.linkedin.com\/company\/rollingtarps\/\">LinkedIn<\/a><\/li>\n<li><a href=\"https:\/\/www.youtube.com\/channel\/UCuSKfDkzdrZz31PNJvDMANg\">YouTube<\/a><\/li>\n<\/ul>\n<p>[\/vc_column_text][\/vc_column_inner][\/vc_row_inner][\/vc_column][\/vc_row][vc_row][vc_column][vc_separator el_class=\u00a0\u00bbcontainer\u00a0\u00bb][\/vc_column][\/vc_row]<\/p>\n<\/div>","protected":false},"excerpt":{"rendered":"<p>[vc_row full_width=\u00a0\u00bbstretch_row_content\u00a0\u00bb content_placement=\u00a0\u00bbbottom\u00a0\u00bb el_id=\u00a0\u00bbfull_video\u00a0\u00bb][vc_column offset=\u00a0\u00bbvc_hidden-sm vc_hidden-xs\u00a0\u00bb][\/vc_column][\/vc_row][vc_row full_width=\u00a0\u00bbstretch_row_content\u00a0\u00bb content_placement=\u00a0\u00bbbottom\u00a0\u00bb][vc_column offset=\u00a0\u00bbvc_hidden-lg vc_hidden-md\u00a0\u00bb css=\u00a0\u00bb.vc_custom_1569551372489{background-image: url(https:\/\/chameleon.ca\/wp-content\/uploads\/2015\/02\/banners_homepage-2.jpg?id=6132) !important;background-position: center !important;background-repeat: no-repeat !important;background-size: cover !important;}\u00a0\u00bb][vc_empty_space height=\u00a0\u00bb50vh\u00a0\u00bb][\/vc_column][\/vc_row][vc_row][vc_column el_class=\u00a0\u00bbcontainer\u00a0\u00bb][vc_row_inner css=\u00a0\u00bb.vc_custom_1471900613789{background-color: rgba(0,61,166,0.6) !important;*background-color: rgb(0,61,166) !important;}\u00a0\u00bb][vc_column_inner el_class=\u00a0\u00bbcontainer\u00a0\u00bb][vc_custom_heading text=\u00a0\u00bbToiles R\u00e9tractables et Abris R\u00e9tractables\u00a0\u00bb font_container=\u00a0\u00bbtag:h2|text_align:center|color:%23ffffff\u00a0\u00bb use_theme_fonts=\u00a0\u00bbyes\u00a0\u00bb][vc_icon icon_fontawesome=\u00a0\u00bbfa fa-arrow-circle-o-down\u00a0\u00bb color=\u00a0\u00bbwhite\u00a0\u00bb align=\u00a0\u00bbcenter\u00a0\u00bb el_class=\u00a0\u00bbscroll-down\u00a0\u00bb][\/vc_column_inner][\/vc_row_inner][vc_row_inner equal_height=\u00a0\u00bbyes\u00a0\u00bb][vc_column_inner el_class=\u00a0\u00bbcontainer\u00a0\u00bb width=\u00a0\u00bb1\/3&Prime;][vc_custom_heading text=\u00a0\u00bbSolutions de Transport\u00a0\u00bb use_theme_fonts=\u00a0\u00bbyes\u00a0\u00bb][vc_column_text]Les Syst\u00e8mes de Toiles R\u00e9tractables Syst\u00e8me de toile pour plates-formes [&hellip;]<\/p>\n","protected":false},"author":190,"featured_media":0,"parent":0,"menu_order":0,"comment_status":"open","ping_status":"open","template":"","meta":{"footnotes":""},"class_list":["post-1147","page","type-page","status-publish","hentry"],"_links":{"self":[{"href":"https:\/\/chameleon.ca\/fr\/wp-json\/wp\/v2\/pages\/1147","targetHints":{"allow":["GET"]}}],"collection":[{"href":"https:\/\/chameleon.ca\/fr\/wp-json\/wp\/v2\/pages"}],"about":[{"href":"https:\/\/chameleon.ca\/fr\/wp-json\/wp\/v2\/types\/page"}],"author":[{"embeddable":true,"href":"https:\/\/chameleon.ca\/fr\/wp-json\/wp\/v2\/users\/190"}],"replies":[{"embeddable":true,"href":"https:\/\/chameleon.ca\/fr\/wp-json\/wp\/v2\/comments?post=1147"}],"version-history":[{"count":52,"href":"https:\/\/chameleon.ca\/fr\/wp-json\/wp\/v2\/pages\/1147\/revisions"}],"predecessor-version":[{"id":10655,"href":"https:\/\/chameleon.ca\/fr\/wp-json\/wp\/v2\/pages\/1147\/revisions\/10655"}],"wp:attachment":[{"href":"https:\/\/chameleon.ca\/fr\/wp-json\/wp\/v2\/media?parent=1147"}],"curies":[{"name":"wp","href":"https:\/\/api.w.org\/{rel}","templated":true}]}}