{"id":1761,"date":"2015-09-16T18:04:56","date_gmt":"2015-09-16T18:04:56","guid":{"rendered":"http:\/\/chameleon.ca\/?page_id=1761&#038;lang=fr"},"modified":"2019-11-28T18:33:03","modified_gmt":"2019-11-28T18:33:03","slug":"toiles-retractables","status":"publish","type":"page","link":"https:\/\/chameleon.ca\/fr\/toiles-retractables\/","title":{"rendered":"Toiles R\u00e9tractables"},"content":{"rendered":"<div class=\"wpb-content-wrapper\"><p>[vc_row 0=\u00a0\u00bb\u00a0\u00bb][vc_column 0=\u00a0\u00bb\u00a0\u00bb][vc_custom_heading text=\u00a0\u00bbLes toiles r\u00e9tractables pour toutes les applications&#8230;\u00a0\u00bb use_theme_fonts=\u00a0\u00bbyes\u00a0\u00bb][vc_column_text 0=\u00a0\u00bb\u00a0\u00bb]<span id=\"result_box\" class=\"\" lang=\"fr\"><span class=\"\">Parfois appel\u00e9s syst\u00e8mes de toiles r\u00e9tractables, b\u00e2ches r\u00e9tractables&#8230; Les Chameleons ont une mission principale: cette mission est de vous permettre de b\u00e2tir sans mettre un pied sur la remorque et de garder votre charge s\u00e8che sous toutes les conditions m\u00e9t\u00e9orologiques.<\/span> <span class=\"\">Voici quelques-uns des principaux types de remorques et de plate-formes pour lesquels nous concevons des syst\u00e8mes toiles r\u00e9tractables.<\/span> <span class=\"\">N&rsquo;oubliez pas que nous concevons des syst\u00e8mes des toiles r\u00e9tractables pour TOUT type de remorque et camion plate-forme, quelle que soit sa taille.<\/span><\/span>[\/vc_column_text][vc_row_inner 0=\u00a0\u00bb\u00a0\u00bb][vc_column_inner width=\u00a0\u00bb1\/2&Prime;][vc_custom_heading text=\u00a0\u00bbToiles R\u00e9tractables pour Remorques Plate-Formes\u00a0\u00bb font_container=\u00a0\u00bbtag:h3|text_align:left|color:%232db700&Prime; use_theme_fonts=\u00a0\u00bbyes\u00a0\u00bb css=\u00a0\u00bb.vc_custom_1574965714420{margin-bottom: 0px !important;border-bottom-width: 0px !important;padding-bottom: 0px !important;}\u00a0\u00bb][vc_separator color=\u00a0\u00bbgreen\u00a0\u00bb align=\u00a0\u00bbalign_left\u00a0\u00bb border_width=\u00a0\u00bb4&Prime; el_width=\u00a0\u00bb90&Prime; css=\u00a0\u00bb.vc_custom_1535726908727{margin-top: 0px !important;border-top-width: 0px !important;padding-top: 0px !important;}\u00a0\u00bb][vc_column_text 0=\u00a0\u00bb\u00a0\u00bb]<span id=\"result_box\" class=\"\" lang=\"fr\"><span class=\"\">Chameleon personnalise ses ensembles de syst\u00e8mes de toiles r\u00e9tractables \u00e0 plates-formes pour s&rsquo;adapter au:<\/span><\/span><\/p>\n<ul>\n<li><span id=\"result_box\" class=\"\" lang=\"fr\"><span class=\"\">Plates-formes de toutes tailles<br \/>\n<\/span><\/span><\/li>\n<li>B-trains<\/li>\n<li><span id=\"result_box\" class=\"short_text\" lang=\"fr\"><span class=\"\">Plate-formes inclinables hydrauliques<\/span><\/span><\/li>\n<li>et plus&#8230;<\/li>\n<\/ul>\n<p>[\/vc_column_text][vc_btn title=\u00a0\u00bbPlus d&rsquo;informations\u00a0\u00bb style=\u00a0\u00bbflat\u00a0\u00bb color=\u00a0\u00bbgreen\u00a0\u00bb link=\u00a0\u00bburl:https%3A%2F%2Fchameleon.ca%2Ffr%2Ftoiles-retractables%2Fplates-formes%2F|||\u00a0\u00bb][\/vc_column_inner][vc_column_inner width=\u00a0\u00bb1\/2&Prime;][vc_single_image image=\u00a0\u00bb5452&Prime; img_size=\u00a0\u00bblarge\u00a0\u00bb alignment=\u00a0\u00bbcenter\u00a0\u00bb css_animation=\u00a0\u00bbfadeIn\u00a0\u00bb][\/vc_column_inner][\/vc_row_inner][\/vc_column][\/vc_row][vc_row css=\u00a0\u00bb.vc_custom_1487606619118{background-color: #ffffff !important;}\u00a0\u00bb][vc_column 0=\u00a0\u00bb\u00a0\u00bb][vc_row_inner 0=\u00a0\u00bb\u00a0\u00bb][vc_column_inner el_class=\u00a0\u00bbpush-right\u00a0\u00bb width=\u00a0\u00bb1\/2&Prime;][vc_custom_heading text=\u00a0\u00bbToiles R\u00e9tractables pour Remorques Plate-formes Surbaiss\u00e9es\u00a0\u00bb font_container=\u00a0\u00bbtag:h3|text_align:left|color:%232db700&Prime; use_theme_fonts=\u00a0\u00bbyes\u00a0\u00bb css=\u00a0\u00bb.vc_custom_1574965724572{margin-bottom: 0px !important;border-bottom-width: 0px !important;padding-bottom: 0px !important;}\u00a0\u00bb][vc_separator color=\u00a0\u00bbgreen\u00a0\u00bb align=\u00a0\u00bbalign_left\u00a0\u00bb border_width=\u00a0\u00bb4&Prime; el_width=\u00a0\u00bb90&Prime; css=\u00a0\u00bb.vc_custom_1535727284068{margin-top: 0px !important;border-top-width: 0px !important;padding-top: 0px !important;}\u00a0\u00bb][vc_column_text 0=\u00a0\u00bb\u00a0\u00bb]<span id=\"result_box\" class=\"\" lang=\"fr\"><span class=\"alt-edited\"> Chameleon personnalise leur syst\u00e8mes de toiles r\u00e9tractables pour s&rsquo;adapter au:<\/span><\/span><\/p>\n<ul>\n<li><span id=\"result_box\" class=\"\" lang=\"fr\"><span class=\"alt-edited\">Plate-forme surbaiss\u00e9e simple<br \/>\n<\/span><\/span><\/li>\n<li><span id=\"result_box\" class=\"\" lang=\"fr\"><span class=\"alt-edited\">Plate-forme surbaiss\u00e9e<\/span><\/span> double<\/li>\n<li><span id=\"result_box\" class=\"short_text\" lang=\"fr\"><span class=\"\">Remorques de transport de verre<\/span><\/span><\/li>\n<li><span id=\"result_box\" class=\"short_text\" lang=\"fr\"><span class=\"\">Hydraulique<\/span><\/span><\/li>\n<li>et plus&#8230;<\/li>\n<\/ul>\n<p>[\/vc_column_text][vc_btn title=\u00a0\u00bbPlus d&rsquo;informations\u00a0\u00bb style=\u00a0\u00bbflat\u00a0\u00bb color=\u00a0\u00bbgreen\u00a0\u00bb link=\u00a0\u00bburl:https%3A%2F%2Fchameleon.ca%2Ffr%2Ftoiles-retractables%2Fplate-forme-surbaissee%2F|||\u00a0\u00bb][\/vc_column_inner][vc_column_inner el_class=\u00a0\u00bbpush-left\u00a0\u00bb width=\u00a0\u00bb1\/2&Prime;][vc_empty_space][vc_single_image image=\u00a0\u00bb6106&Prime; img_size=\u00a0\u00bblarge\u00a0\u00bb alignment=\u00a0\u00bbcenter\u00a0\u00bb css_animation=\u00a0\u00bbfadeIn\u00a0\u00bb][\/vc_column_inner][\/vc_row_inner][\/vc_column][\/vc_row][vc_row 0=\u00a0\u00bb\u00a0\u00bb][vc_column 0=\u00a0\u00bb\u00a0\u00bb][vc_row_inner 0=\u00a0\u00bb\u00a0\u00bb][vc_column_inner width=\u00a0\u00bb1\/2&Prime;][vc_custom_heading text=\u00a0\u00bbToiles R\u00e9tractables pour Camion Porteur\u00a0\u00bb font_container=\u00a0\u00bbtag:h3|text_align:left|color:%232db700&Prime; use_theme_fonts=\u00a0\u00bbyes\u00a0\u00bb css=\u00a0\u00bb.vc_custom_1574965732850{margin-bottom: 0px !important;border-bottom-width: 0px !important;padding-bottom: 0px !important;}\u00a0\u00bb][vc_separator color=\u00a0\u00bbgreen\u00a0\u00bb align=\u00a0\u00bbalign_left\u00a0\u00bb border_width=\u00a0\u00bb4&Prime; el_width=\u00a0\u00bb70&Prime; css=\u00a0\u00bb.vc_custom_1535727422901{margin-top: 0px !important;border-top-width: 0px !important;padding-top: 0px !important;}\u00a0\u00bb][vc_column_text 0=\u00a0\u00bb\u00a0\u00bb]Chameleon <span id=\"result_box\" class=\"\" lang=\"fr\"><span class=\"\">personnalise ses syst\u00e8mes des toiles r\u00e9tractable pour s&rsquo;adapter au<\/span><\/span>:<\/p>\n<ul>\n<li>Plateaux standard<\/li>\n<li>Transport de verre<\/li>\n<li>Camions grues<\/li>\n<li>Plateaux hydraulique<\/li>\n<li>Plateaux avec chariot \u00e9l\u00e9vateur ou hayons hydraulique<\/li>\n<li>Et plus&#8230;<\/li>\n<\/ul>\n<p>[\/vc_column_text][vc_btn title=\u00a0\u00bbPlus d&rsquo;informations\u00a0\u00bb style=\u00a0\u00bbflat\u00a0\u00bb color=\u00a0\u00bbgreen\u00a0\u00bb link=\u00a0\u00bburl:https%3A%2F%2Fchameleon.ca%2Ffr%2Ftoiles-retractables%2Fcamion-porteur%2F|||\u00a0\u00bb][\/vc_column_inner][vc_column_inner width=\u00a0\u00bb1\/2&Prime;][vc_single_image image=\u00a0\u00bb5454&Prime; img_size=\u00a0\u00bblarge\u00a0\u00bb alignment=\u00a0\u00bbcenter\u00a0\u00bb css_animation=\u00a0\u00bbfadeIn\u00a0\u00bb][\/vc_column_inner][\/vc_row_inner][\/vc_column][\/vc_row][vc_row css=\u00a0\u00bb.vc_custom_1487606619118{background-color: #ffffff !important;}\u00a0\u00bb][vc_column 0=\u00a0\u00bb\u00a0\u00bb][vc_row_inner 0=\u00a0\u00bb\u00a0\u00bb][vc_column_inner el_class=\u00a0\u00bbpush-right\u00a0\u00bb width=\u00a0\u00bb1\/2&Prime;][vc_custom_heading text=\u00a0\u00bbToiles R\u00e9tractables pour Remorques Utilitaires\u00a0\u00bb font_container=\u00a0\u00bbtag:h3|text_align:left|color:%232db700&Prime; use_theme_fonts=\u00a0\u00bbyes\u00a0\u00bb css=\u00a0\u00bb.vc_custom_1574965740660{margin-bottom: 0px !important;border-bottom-width: 0px !important;padding-bottom: 0px !important;}\u00a0\u00bb][vc_separator color=\u00a0\u00bbgreen\u00a0\u00bb align=\u00a0\u00bbalign_left\u00a0\u00bb border_width=\u00a0\u00bb4&Prime; el_width=\u00a0\u00bb90&Prime; css=\u00a0\u00bb.vc_custom_1535727284068{margin-top: 0px !important;border-top-width: 0px !important;padding-top: 0px !important;}\u00a0\u00bb][vc_column_text 0=\u00a0\u00bb\u00a0\u00bb]<span id=\"result_box\" class=\"\" lang=\"fr\"><span class=\"alt-edited\"> Chameleon personnalise leur syst\u00e8mes de toiles r\u00e9tractables pour s&rsquo;adapter au:<\/span><\/span><\/p>\n<ul>\n<li><span id=\"result_box\" class=\"short_text\" lang=\"fr\"><span class=\"\">Remorques utilitaires \u00e0 col de cygne<\/span><\/span><\/li>\n<li><span id=\"result_box\" class=\"short_text\" lang=\"fr\"><span class=\"\">Remorques utilitaires attach\u00e9es parechocs<\/span><\/span><\/li>\n<li>et plus&#8230;.<\/li>\n<\/ul>\n<p>[\/vc_column_text][vc_btn title=\u00a0\u00bbPlus d&rsquo;informations\u00a0\u00bb style=\u00a0\u00bbflat\u00a0\u00bb color=\u00a0\u00bbgreen\u00a0\u00bb link=\u00a0\u00bburl:https%3A%2F%2Fchameleon.ca%2Ffr%2Ftoiles-retractables%2Fsolutions-remorque-utilitaire%2F|||\u00a0\u00bb][\/vc_column_inner][vc_column_inner el_class=\u00a0\u00bbpush-left\u00a0\u00bb width=\u00a0\u00bb1\/2&Prime;][vc_single_image image=\u00a0\u00bb6491&Prime; img_size=\u00a0\u00bblarge\u00a0\u00bb alignment=\u00a0\u00bbcenter\u00a0\u00bb css_animation=\u00a0\u00bbfadeIn\u00a0\u00bb][\/vc_column_inner][\/vc_row_inner][\/vc_column][\/vc_row]<\/p>\n<\/div>","protected":false},"excerpt":{"rendered":"<p>[vc_row 0=\u00a0\u00bb\u00a0\u00bb][vc_column 0=\u00a0\u00bb\u00a0\u00bb][vc_custom_heading text=\u00a0\u00bbLes toiles r\u00e9tractables pour toutes les applications&#8230;\u00a0\u00bb use_theme_fonts=\u00a0\u00bbyes\u00a0\u00bb][vc_column_text 0=\u00a0\u00bb\u00a0\u00bb]Parfois appel\u00e9s syst\u00e8mes de toiles r\u00e9tractables, b\u00e2ches r\u00e9tractables&#8230; Les Chameleons ont une mission principale: cette mission est de vous permettre de b\u00e2tir sans mettre un pied sur la remorque et de garder votre charge s\u00e8che sous toutes les conditions m\u00e9t\u00e9orologiques. Voici quelques-uns des principaux [&hellip;]<\/p>\n","protected":false},"author":190,"featured_media":8315,"parent":0,"menu_order":0,"comment_status":"open","ping_status":"open","template":"","meta":{"footnotes":""},"class_list":["post-1761","page","type-page","status-publish","has-post-thumbnail","hentry"],"_links":{"self":[{"href":"https:\/\/chameleon.ca\/fr\/wp-json\/wp\/v2\/pages\/1761","targetHints":{"allow":["GET"]}}],"collection":[{"href":"https:\/\/chameleon.ca\/fr\/wp-json\/wp\/v2\/pages"}],"about":[{"href":"https:\/\/chameleon.ca\/fr\/wp-json\/wp\/v2\/types\/page"}],"author":[{"embeddable":true,"href":"https:\/\/chameleon.ca\/fr\/wp-json\/wp\/v2\/users\/190"}],"replies":[{"embeddable":true,"href":"https:\/\/chameleon.ca\/fr\/wp-json\/wp\/v2\/comments?post=1761"}],"version-history":[{"count":22,"href":"https:\/\/chameleon.ca\/fr\/wp-json\/wp\/v2\/pages\/1761\/revisions"}],"predecessor-version":[{"id":9346,"href":"https:\/\/chameleon.ca\/fr\/wp-json\/wp\/v2\/pages\/1761\/revisions\/9346"}],"wp:featuredmedia":[{"embeddable":true,"href":"https:\/\/chameleon.ca\/fr\/wp-json\/wp\/v2\/media\/8315"}],"wp:attachment":[{"href":"https:\/\/chameleon.ca\/fr\/wp-json\/wp\/v2\/media?parent=1761"}],"curies":[{"name":"wp","href":"https:\/\/api.w.org\/{rel}","templated":true}]}}