{"id":1786,"date":"2015-05-07T16:39:04","date_gmt":"2015-05-07T16:39:04","guid":{"rendered":"http:\/\/chameleon.ca\/?page_id=1786&#038;lang=fr"},"modified":"2019-09-26T02:10:10","modified_gmt":"2019-09-26T02:10:10","slug":"essai-non-destructif","status":"publish","type":"page","link":"https:\/\/chameleon.ca\/fr\/solutions-industrielles\/essai-non-destructif\/","title":{"rendered":"Essai non destructif"},"content":{"rendered":"<div class=\"wpb-content-wrapper\"><p>[vc_row full_width=\u00a0\u00bbstretch_row\u00a0\u00bb el_class=\u00a0\u00bbsticky_row\u00a0\u00bb css=\u00a0\u00bb.vc_custom_1569463777529{background-color: #1379bf !important;}\u00a0\u00bb][vc_column]<div class=\"sticky_menu\"><input type=\"checkbox\" class=\"mobile-sticky\" id=\"sticky-menu\"><label for=\"sticky-menu\" class=\"mobile-sticky\"><i class=\"fa fa-bars\"><\/i> Sections<\/label><ul><li><a href=\"#why-chameleon\">Pourquoi Chameleon?<\/a><\/li><li><a href=\"#features\">Caract\u00e9ristiques<\/a><\/li><li><a href=\"#available-options\">Options Disponibles<\/a><\/li><li><a href=\"#faq\">FAQ<\/a><\/li><li><a href=\"#literature\">Brochures<\/a><\/li><li><a href=\"#testimonials\">T\u00e9moignages<\/a><\/li><\/ul><\/div>[\/vc_column][\/vc_row][vc_row full_width=\u00a0\u00bbstretch_row\u00a0\u00bb el_id=\u00a0\u00bbwhy-chameleon\u00a0\u00bb css=\u00a0\u00bb.vc_custom_1569463782539{background-color: #f9f9f9 !important;}\u00a0\u00bb][vc_column][vc_row_inner][vc_column_inner width=\u00a0\u00bb2\/3&Prime;][vc_column_text]<\/p>\n<h2>Pourquoi Chameleon?<\/h2>\n<p>Un essai non destructif (E.N.D.) consiste en un large \u00e9ventail de techniques d\u2019analyse qui servent \u00e0 la science et \u00e0 l\u2019industrie pour \u00e9valuer les propri\u00e9t\u00e9s d\u2019une mati\u00e8re, d\u2019une composante ou d\u2019un syst\u00e8me sans l\u2019endommager. Plusieurs industries se servent de cette technique pour sauver temps et argent. De nos jours, on utilise l\u2019E.N.D. dans diff\u00e9rentes circonstances qui couvre un large \u00e9ventail d\u2019activit\u00e9 industrielle, dont de nouvelles m\u00e9thodes et applications d\u2019E.N.D. voient continuellement le jour. La question maintenant est de savoir comment recourir \u00e0 ce processus le plus efficacement possible pour r\u00e9duire les co\u00fbts et \u00e9pargner temps et argent? L\u2019essai non destructif (E.N.D.) et les enceintes d\u2019inspection de produits d\u2019Innovations Chameleon sont la r\u00e9ponse \u00e0 votre question parce qu\u2019ils:<\/p>\n<p>[\/vc_column_text][vc_toggle title=\u00a0\u00bbSont adapt\u00e9s \u00e0 vos besoins\u00a0\u00bb color=\u00a0\u00bbgreen\u00a0\u00bb el_id=\u00a0\u00bb1466181570156-fb35eed3-f19f\u00a0\u00bb]<\/p>\n<ul>\n<li>Simplifie grandement l\u2019essai non destructif de pi\u00e8ces de grande dimension, difficiles \u00e0 man\u0153uvrer<\/li>\n<li>S\u2019adapte \u00e0 vos installations pour effectuer un essai non destructif sur place<\/li>\n<li>Les enceintes r\u00e9tractables d\u2019inspection \u00e0 rayons ultra-violets (UV) sont l\u2019environnement de travail parfait o\u00f9 il est possible de d\u00e9celer le plus infime d\u00e9faut.<\/li>\n<li>Excellent pour les essais magn\u00e9toscopiques (MPI) et des UV; parfait pour un environnement qui demande un contr\u00f4le strict des conditions d\u2019\u00e9clairage.<\/li>\n<\/ul>\n<p>[\/vc_toggle][vc_toggle title=\u00a0\u00bbSe replie \u00e0 20% de sa pleine longueur\u00a0\u00bb color=\u00a0\u00bbgreen\u00a0\u00bb el_id=\u00a0\u00bb1466181521013-7331437e-97f5&Prime;]<\/p>\n<ul>\n<li>Se r\u00e9tracte en donnant un acc\u00e8s de 360\u00b0 \u00e0 la livraison de la pi\u00e8ce dans la zone de travail<\/li>\n<li>Se replie \u00e0 20% de sa pleine longueur pour sauver temps et espace<\/li>\n<li>S\u2019escamote pour transformer les zones d\u2019essai en zone de travail utile \u00e0 d\u2019autres usages<\/li>\n<\/ul>\n<p>[\/vc_toggle][vc_toggle title=\u00a0\u00bbAugmente la rapidit\u00e9 de votre production\u00a0\u00bb color=\u00a0\u00bbgreen\u00a0\u00bb el_id=\u00a0\u00bb1466181606281-289965ef-7517&Prime;]<\/p>\n<ul>\n<li>syst\u00e8me de tension facile \u00e0 utiliser; roulement \u00e0 billes pour un mouvement souple vers l\u2019avant ou l\u2019arri\u00e8re;<\/li>\n<li>Le syst\u00e8me roule sur des rails d\u2019aluminium lisses et tr\u00e8s robustes et des roues \u00e0 faible friction<\/li>\n<li>Les composantes robustes et l\u00e9g\u00e8res facilitent l\u2019utilisation<\/li>\n<li>Toile industrielle utilisable en tout temps; L\u2019utilisation et l\u2019installation de nos enceintes peuvent s\u2019effectuer de fa\u00e7on s\u00e9curitaire, tant \u00e0 l\u2019int\u00e9rieur qu\u2019\u00e0 l\u2019ext\u00e9rieur.<\/li>\n<\/ul>\n<p>[\/vc_toggle][\/vc_column_inner][vc_column_inner width=\u00a0\u00bb1\/3&Prime;][\/vc_column_inner][\/vc_row_inner][\/vc_column][\/vc_row][vc_row content_placement=\u00a0\u00bbmiddle\u00a0\u00bb el_id=\u00a0\u00bbfeatures\u00a0\u00bb][vc_column][vc_row_inner][vc_column_inner width=\u00a0\u00bb2\/3&Prime;][vc_column_text]<\/p>\n<h2>Caract\u00e9ristiques:<\/h2>\n<ul>\n<li>Toile opaque et ignifuge; salles obscures pour l\u2019inspection \u00e0 l\u2019aide de rayons UV<\/li>\n<li>Mur arri\u00e8re sur mesure pour s\u2019adapter au syst\u00e8me de filtration de votre choix<\/li>\n<li>Uniques arches de levage galvanis\u00e9s; soul\u00e8vent automatiquement toute la toile en se r\u00e9tractant<\/li>\n<li>Bras pantographes \u00e9volu\u00e9s, simples ou doubles, sans accroche; structure tr\u00e8s r\u00e9sistante<\/li>\n<li>Roues sans rail laissant une enti\u00e8re portabilit\u00e9 ou avec roulement sur rails en V surbaiss\u00e9s pour d\u00e9placer de grandes enceintes<\/li>\n<li>Toile r\u00e9sistante \u00e0 la d\u00e9chirure\n<ul>\n<li>Toile durable, noir opaque, renforc\u00e9e en PVC de 18 oz<\/li>\n<li>Toile r\u00e9sistant aux UV; peut r\u00e9sister aux niveaux \u00e9lev\u00e9s de rayons UV<\/li>\n<li>Non fluorescent sous la lumi\u00e8re noire<\/li>\n<li>Attache rapide herm\u00e9tique facilite l\u2019installation<\/li>\n<\/ul>\n<\/li>\n<\/ul>\n<p>[\/vc_column_text][\/vc_column_inner][vc_column_inner width=\u00a0\u00bb1\/3&Prime;][vc_images_carousel images=\u00a0\u00bb2538,2539,5381,5382,5383,5384&Prime; img_size=\u00a0\u00bblarge\u00a0\u00bb hide_prev_next_buttons=\u00a0\u00bbyes\u00a0\u00bb][\/vc_column_inner][\/vc_row_inner][\/vc_column][\/vc_row][vc_row full_width=\u00a0\u00bbstretch_row\u00a0\u00bb css=\u00a0\u00bb.vc_custom_1569463792988{background-color: #f9f9f9 !important;}\u00a0\u00bb el_id=\u00a0\u00bbavailable-options\u00a0\u00bb][vc_column][vc_column_text]<\/p>\n<h2>Options disponibles:<\/h2>\n<ul>\n<li>Plusieurs configurations de porte d\u2019entr\u00e9e disponibles, y compris des portes \u00e0 rideau activ\u00e9es par une corde, munies de filtres \u00e0 poussi\u00e8re et d\u2019entr\u00e9e d\u2019air ainsi qu\u2019un dispositif de verrouillage;<\/li>\n<li>Porte pi\u00e9tonne \u00e0 l\u2019arri\u00e8re pour s\u2019adapter au syst\u00e8me de filtration d\u2019air;<\/li>\n<li>Plusieurs options d\u2019acc\u00e8s \u00e0 l\u2019avant et \u00e0 l\u2019arri\u00e8re disponibles.<\/li>\n<\/ul>\n<p>[\/vc_column_text][\/vc_column][\/vc_row][vc_row el_id=\u00a0\u00bbfaq\u00a0\u00bb][vc_column][vc_column_text]<\/p>\n<h2>FAQ<\/h2>\n<p>[\/vc_column_text][vc_row_inner][vc_column_inner width=\u00a0\u00bb1\/2&Prime;][vc_toggle title=\u00a0\u00bbPourquoi devrais-je choisir une enceinte r\u00e9tractable plut\u00f4t qu\u2019une cabine en m\u00e9tal typique munie d\u2019un rideau avant mince?\u00a0\u00bb color=\u00a0\u00bbgreen\u00a0\u00bb el_id=\u00a0\u00bb1466705450127-1dac92a9-5904&Prime;]Les enceintes r\u00e9tractables rendent les zones de travail plus rentables et permettent un acc\u00e8s sup\u00e9rieur \u00e0 la zone de travail. Cette solution n\u2019est pas moins ch\u00e8re qu\u2019une cabine en m\u00e9tal et ne le remplace pas. Toutefois, la plupart du temps, elle offre un bien meilleur rendement du capital investi.<\/p>\n<ul>\n<li>Les enceintes r\u00e9tractables Chameleon sont excellentes pour effectuer les essais de contr\u00f4le magn\u00e9toscopique (MPI) et ultraviolet (UV) lorsqu\u2019il est n\u00e9cessaire de contr\u00f4ler strictement les conditions d\u2019\u00e9clairage.<\/li>\n<li>Comme elles sont r\u00e9tractables, vous pouvez reprendre l\u2019usage de la surface de plancher pour effectuer d\u2019autres fins productives, notamment le d\u00e9bosselage ou l\u2019entretien de v\u00e9hicules.<\/li>\n<li>L\u2019utilisation et l\u2019installation de nos enceintes peuvent s\u2019effectuer de fa\u00e7on s\u00e9curitaire, tant \u00e0 l\u2019int\u00e9rieur qu\u2019\u00e0 l\u2019ext\u00e9rieur.<\/li>\n<li>La toile industrielle est utilisable en tout temps; ainsi, ces enceintes peuvent \u00eatre utilis\u00e9es et install\u00e9es \u00e0 l\u2019ext\u00e9rieur.<\/li>\n<li>Se ferme herm\u00e9tiquement car la toile ignifuge a tendance \u00e0 suivre le contour du plancher et la construction de la toile sans joints assure que la lumi\u00e8re ou la poussi\u00e8re ne s\u2019infiltre pas \u00e0 travers les murs (comme le font les cabines en m\u00e9tal \u00e9conomiques).<\/li>\n<li>Dans l\u2019usinage ou la finition industrielle, nos enceintes r\u00e9tractables donnent un acc\u00e8s de 360\u00b0 aux ponts roulants et aux chariots \u00e9l\u00e9vateurs dans la zone de sablage ou de travail.<\/li>\n<\/ul>\n<p>[\/vc_toggle][vc_toggle title=\u00a0\u00bbEn quoi les enceintes E.N.D. sont-elles fabriqu\u00e9es?\u00a0\u00bb color=\u00a0\u00bbgreen\u00a0\u00bb el_id=\u00a0\u00bb1467908966111-03564244-bb46&Prime;]Toutes nos enceintes de sablage sont construites en aluminium ou en acier; leur toile noir opaque r\u00e9sistante aux d\u00e9chirures est renforc\u00e9e en PVC 18 oz pour \u00e9viter l\u2019infiltration de lumi\u00e8re. Elles sont \u00e9galement ignifuges pour r\u00e9pondre \u00e0 la norme am\u00e9ricaine NFPA 701 et au titre 19, article 1237 de la Californie.[\/vc_toggle][vc_toggle title=\u00a0\u00bbComment exp\u00e9diez-vous l\u2019enceinte?\u00a0\u00bb color=\u00a0\u00bbgreen\u00a0\u00bb el_id=\u00a0\u00bb1467908987907-be53fcef-5f9f\u00a0\u00bb]Les enceintes r\u00e9tractables Chameleon sont exp\u00e9di\u00e9es par camion, sous forme de trousse. Nous vous pr\u00e9senterons le co\u00fbt d\u2019exp\u00e9dition le plus \u00e9conomique qui soit.[\/vc_toggle][vc_toggle title=\u00a0\u00bbL\u2019enceinte prend combien de temps \u00e0 assembler?\u00a0\u00bb color=\u00a0\u00bbgreen\u00a0\u00bb el_id=\u00a0\u00bb1467909009192-386c1228-5bb3&Prime;]Vous obtiendrez une indication du temps n\u00e9cessaire \u00e0 l\u2019assemblage dans votre soumission.[\/vc_toggle][\/vc_column_inner][vc_column_inner width=\u00a0\u00bb1\/2&Prime;][vc_toggle title=\u00a0\u00bbQue comprend l\u2019enceinte d\u2019E.N.D.?\u00a0\u00bb color=\u00a0\u00bbgreen\u00a0\u00bb el_id=\u00a0\u00bb1466705502506-ba10dc28-8ccc\u00a0\u00bb]L\u2019enceinte E.N.D. comprend le premier jeu de filtres \u00e0 poussi\u00e8re et tout le mat\u00e9riel et les instructions pour faciliter l\u2019assemblage.[\/vc_toggle][vc_toggle title=\u00a0\u00bbLa structure r\u00e9siste-t-elle \u00e0 la corrosion?\u00a0\u00bb color=\u00a0\u00bbgreen\u00a0\u00bb el_id=\u00a0\u00bb1467908977337-b250df6f-ecf7&Prime;]Les composantes structurelles sont en aluminium et en acier galvanis\u00e9. Si n\u00e9cessaire, elles peuvent aussi \u00eatre fabriqu\u00e9es en acier galvanis\u00e9.[\/vc_toggle][vc_toggle title=\u00a0\u00bbDois-je avoir un chariot \u00e9l\u00e9vateur pour d\u00e9charger l\u2019enceinte \u00e0 son arriv\u00e9e?\u00a0\u00bb color=\u00a0\u00bbgreen\u00a0\u00bb el_id=\u00a0\u00bb1467908996879-9b13e537-1607&Prime;]De pr\u00e9f\u00e9rence, vous devriez en avoir un. Si vous n\u2019en avez pas, vous pouvez d\u00e9baller les cartons d\u2019emballage dans le camion et d\u00e9charger les pi\u00e8ces une \u00e0 la fois. Si tel est le cas, vous devrez prendre les dispositions avec le chauffeur-livreur (des frais additionnels peuvent s\u2019appliquer). Si vous ne pouvez pas disposer d\u2019un chariot \u00e9l\u00e9vateur, vous devrez nous en informer lorsque vous placerez votre commande.[\/vc_toggle][\/vc_column_inner][\/vc_row_inner][\/vc_column][\/vc_row][vc_row full_width=\u00a0\u00bbstretch_row\u00a0\u00bb el_id=\u00a0\u00bbliterature\u00a0\u00bb css=\u00a0\u00bb.vc_custom_1569463798334{background-color: #f9f9f9 !important;}\u00a0\u00bb][vc_column][vc_column_text]<\/p>\n<h2>Brochures imprimables<\/h2>\n<p>[\/vc_column_text][vc_row_inner][vc_column_inner width=\u00a0\u00bb1\/2&Prime;][vc_icon icon_fontawesome=\u00a0\u00bbfa fa-file-pdf-o\u00a0\u00bb color=\u00a0\u00bbwhite\u00a0\u00bb background_style=\u00a0\u00bbrounded\u00a0\u00bb background_color=\u00a0\u00bbblue\u00a0\u00bb size=\u00a0\u00bblg\u00a0\u00bb align=\u00a0\u00bbcenter\u00a0\u00bb link=\u00a0\u00bburl:http%3A%2F%2Fchameleon.ca%2Fwp-content%2Fuploads%2F2016%2F08%2FBrochure-Non-Destructive-Testing.pdf||target:%20_blank|\u00a0\u00bb][vc_column_text]<a class=\"aligncenter center\" href=\"http:\/\/chameleon.ca\/wp-content\/uploads\/2016\/08\/Brochure-Non-Destructive-Testing.pdf\">Brochure &#8211; Non-Destructive Testing<\/a><\/p>\n<p>[\/vc_column_text][\/vc_column_inner][vc_column_inner width=\u00a0\u00bb1\/2&Prime;][vc_icon icon_fontawesome=\u00a0\u00bbfa fa-file-pdf-o\u00a0\u00bb color=\u00a0\u00bbwhite\u00a0\u00bb background_style=\u00a0\u00bbrounded\u00a0\u00bb background_color=\u00a0\u00bbblue\u00a0\u00bb size=\u00a0\u00bblg\u00a0\u00bb align=\u00a0\u00bbcenter\u00a0\u00bb link=\u00a0\u00bburl:http%3A%2F%2Fchameleon.ca%2Fwp-content%2Fuploads%2F2016%2F08%2FBrochure-Industrial-Applications.pdf||target:%20_blank|\u00a0\u00bb][vc_column_text]<a class=\"aligncenter center\" href=\"http:\/\/chameleon.ca\/wp-content\/uploads\/2016\/08\/Brochure-Dust-Fume-Collection-1.pdf\">Brochure &#8211; Industrial Applications<\/a>[\/vc_column_text][\/vc_column_inner][\/vc_row_inner][\/vc_column][\/vc_row][vc_row el_id=\u00a0\u00bbtestimonials\u00a0\u00bb][vc_column][vc_column_text]<\/p>\n<h2>T\u00e9moinages<\/h2>\n<p>[\/vc_column_text][vc_tta_pageable no_fill_content_area=\u00a0\u00bb1&Prime; autoplay=\u00a0\u00bb5&Prime; active_section=\u00a0\u00bb1&Prime; pagination_style=\u00a0\u00bbflat-round\u00a0\u00bb pagination_color=\u00a0\u00bbgreen\u00a0\u00bb][vc_tta_section title=\u00a0\u00bbSection 1&Prime; tab_id=\u00a0\u00bb1466185744942-ae092c45-c900&Prime;][vc_column_text]\u201cQuand nous n\u2019avons pas besoin de faire nos test non destructifs, nous r\u00e9tractons l\u2019abris Chameleon, pour avoir plus d\u2019espace sur notre plancher, qui est tr\u00e8s important pour la production. Avec seulement cette capacit\u00e9, chaque sous investit sur le syst\u00e8me d\u2019abris de haute qualit\u00e9 Chameleon vaut sa valeur.<br \/>\nMerci Chameleon Innovations!\u201d<\/p>\n<p><strong>Directeur de plancher, Medium-sized Manufacturer in USA.<\/strong><\/p>\n<p>[\/vc_column_text][\/vc_tta_section][\/vc_tta_pageable][\/vc_column][\/vc_row]<\/p>\n<\/div>","protected":false},"excerpt":{"rendered":"<p>[vc_row full_width=\u00a0\u00bbstretch_row\u00a0\u00bb el_class=\u00a0\u00bbsticky_row\u00a0\u00bb css=\u00a0\u00bb.vc_custom_1569463777529{background-color: #1379bf !important;}\u00a0\u00bb][vc_column][\/vc_column][\/vc_row][vc_row full_width=\u00a0\u00bbstretch_row\u00a0\u00bb el_id=\u00a0\u00bbwhy-chameleon\u00a0\u00bb css=\u00a0\u00bb.vc_custom_1569463782539{background-color: #f9f9f9 !important;}\u00a0\u00bb][vc_column][vc_row_inner][vc_column_inner width=\u00a0\u00bb2\/3&Prime;][vc_column_text] Pourquoi Chameleon? Un essai non destructif (E.N.D.) consiste en un large \u00e9ventail de techniques d\u2019analyse qui servent \u00e0 la science et \u00e0 l\u2019industrie pour \u00e9valuer les propri\u00e9t\u00e9s d\u2019une mati\u00e8re, d\u2019une composante ou d\u2019un syst\u00e8me sans l\u2019endommager. Plusieurs industries se servent de cette technique [&hellip;]<\/p>\n","protected":false},"author":190,"featured_media":6091,"parent":1758,"menu_order":0,"comment_status":"open","ping_status":"open","template":"","meta":{"footnotes":""},"class_list":["post-1786","page","type-page","status-publish","has-post-thumbnail","hentry"],"_links":{"self":[{"href":"https:\/\/chameleon.ca\/fr\/wp-json\/wp\/v2\/pages\/1786","targetHints":{"allow":["GET"]}}],"collection":[{"href":"https:\/\/chameleon.ca\/fr\/wp-json\/wp\/v2\/pages"}],"about":[{"href":"https:\/\/chameleon.ca\/fr\/wp-json\/wp\/v2\/types\/page"}],"author":[{"embeddable":true,"href":"https:\/\/chameleon.ca\/fr\/wp-json\/wp\/v2\/users\/190"}],"replies":[{"embeddable":true,"href":"https:\/\/chameleon.ca\/fr\/wp-json\/wp\/v2\/comments?post=1786"}],"version-history":[{"count":14,"href":"https:\/\/chameleon.ca\/fr\/wp-json\/wp\/v2\/pages\/1786\/revisions"}],"predecessor-version":[{"id":9060,"href":"https:\/\/chameleon.ca\/fr\/wp-json\/wp\/v2\/pages\/1786\/revisions\/9060"}],"up":[{"embeddable":true,"href":"https:\/\/chameleon.ca\/fr\/wp-json\/wp\/v2\/pages\/1758"}],"wp:featuredmedia":[{"embeddable":true,"href":"https:\/\/chameleon.ca\/fr\/wp-json\/wp\/v2\/media\/6091"}],"wp:attachment":[{"href":"https:\/\/chameleon.ca\/fr\/wp-json\/wp\/v2\/media?parent=1786"}],"curies":[{"name":"wp","href":"https:\/\/api.w.org\/{rel}","templated":true}]}}