{"id":1792,"date":"2015-05-07T16:39:48","date_gmt":"2015-05-07T16:39:48","guid":{"rendered":"http:\/\/chameleon.ca\/?page_id=1792&#038;lang=fr"},"modified":"2019-09-26T02:08:43","modified_gmt":"2019-09-26T02:08:43","slug":"filtration-des-vapeurs-et-de-la-poussiere","status":"publish","type":"page","link":"https:\/\/chameleon.ca\/fr\/solutions-industrielles\/filtration-des-vapeurs-et-de-la-poussiere\/","title":{"rendered":"Filtration des vapeurs et de la poussi\u00e8re"},"content":{"rendered":"<div class=\"wpb-content-wrapper\"><p>[vc_row full_width=\u00a0\u00bbstretch_row\u00a0\u00bb el_class=\u00a0\u00bbsticky_row\u00a0\u00bb css=\u00a0\u00bb.vc_custom_1569463718946{background-color: #1379bf !important;}\u00a0\u00bb][vc_column]<div class=\"sticky_menu\"><input type=\"checkbox\" class=\"mobile-sticky\" id=\"sticky-menu\"><label for=\"sticky-menu\" class=\"mobile-sticky\"><i class=\"fa fa-bars\"><\/i> Sections<\/label><ul><li><a href=\"#why-chameleon\">Pourquoi Chameleon?<\/a><\/li><li><a href=\"#features\">Caract\u00e9ristiques<\/a><\/li><li><a href=\"#available-options\">Options Disponibles<\/a><\/li><li><a href=\"#faq\">FAQ<\/a><\/li><li><a href=\"#literature\">Brochures<\/a><\/li><li><a href=\"#testimonials\">T\u00e9moignages<\/a><\/li><\/ul><\/div>[\/vc_column][\/vc_row][vc_row full_width=\u00a0\u00bbstretch_row\u00a0\u00bb el_id=\u00a0\u00bbwhy-chameleon\u00a0\u00bb css=\u00a0\u00bb.vc_custom_1569463645506{background-color: #f9f9f9 !important;}\u00a0\u00bb][vc_column width=\u00a0\u00bb1\/2&Prime;][vc_row_inner][vc_column_inner][vc_column_text]<\/p>\n<h2>Pourquoi Chameleon?<\/h2>\n<p>Les particules de poussi\u00e8re provenant des applications de sablage et de meulage sont courantes et sont pr\u00e9sentes dans la majorit\u00e9 des milieux industriels. Il est n\u00e9cessaire de se pr\u00e9valoir d\u2019un syst\u00e8me de d\u00e9poussi\u00e9rage et de r\u00e9cup\u00e9ration des vapeurs bien con\u00e7u et entretenu pour pr\u00e9venir des probl\u00e8mes respiratoires et garder les lieux conformes aux exigences courantes en mati\u00e8re de qualit\u00e9 de l\u2019air. Innovations Chameleon pr\u00e9sente des solutions pour sauver de l\u2019espace de travail pr\u00e9cieux et contr\u00f4ler la poussi\u00e8re ou les vapeurs dans votre atelier. Les enceintes r\u00e9tractables Chameleon sont valable parce qu\u2019il:<\/p>\n<p>[\/vc_column_text][vc_toggle title=\u00a0\u00bbSont adapt\u00e9s \u00e0 vos besoins\u00a0\u00bb color=\u00a0\u00bbgreen\u00a0\u00bb el_id=\u00a0\u00bb1466181570156-fb35eed3-f19f\u00a0\u00bb]<\/p>\n<ul>\n<li>Con\u00e7ue et adapt\u00e9e sur mesure \u00e0 chacun de nos clients<\/li>\n<li>Se replie \u00e0 20% de sa pleine longueur pour sauver temps et espace<\/li>\n<li>S\u2019escamote pour transformer une zone de confinement de poussi\u00e8re en atelier \u00e0 aire ouverte<\/li>\n<li>Se r\u00e9tracte pour donner un acc\u00e8s de 360\u00b0 \u00e0 la livraison de la pi\u00e8ce dans la zone de travail<\/li>\n<\/ul>\n<p>[\/vc_toggle][vc_toggle title=\u00a0\u00bbFournit environnement sain et s\u00e9curitaire pour les employ\u00e9s\u00a0\u00bb color=\u00a0\u00bbgreen\u00a0\u00bb el_id=\u00a0\u00bb1466181521013-7331437e-97f5&Prime;]<\/p>\n<ul>\n<li>Travailler dans l\u2019atelier en pr\u00e9sence de poussi\u00e8res et de vapeurs nocives n\u2019est plus un casse-t\u00eate pour la sant\u00e9 et la s\u00e9curit\u00e9<\/li>\n<li>Cr\u00e9e un effet a\u00e9rodynamique, ce qui propulse rapidement les poussi\u00e8res et les vapeurs directement dans le syst\u00e8me de filtration et les \u00e9loigne ainsi de l\u2019op\u00e9rateur<\/li>\n<li>Solution de confinement la plus efficace; environnement sain et s\u00e9curitaire pour vos employ\u00e9s<\/li>\n<li>capte les vapeurs (de soudure et autres vapeurs dangereuses) et les poussi\u00e8res (milieu de souffle ou poussi\u00e8res dangereuses) et les \u00e9loigne rapidement et efficacement<\/li>\n<li>S\u2019adapte \u00e0 vos installations et se conforme rapidement aux exigences gouvernementales en mati\u00e8re de sant\u00e9 et de s\u00e9curit\u00e9<\/li>\n<\/ul>\n<p>[\/vc_toggle][vc_toggle title=\u00a0\u00bbVous offre des solutions de filtration de la poussi\u00e8re et des vapeurs\u00a0\u00bb color=\u00a0\u00bbgreen\u00a0\u00bb el_id=\u00a0\u00bb1466181606281-289965ef-7517&Prime;]<\/p>\n<ul>\n<li>Chameleon s\u2019est joint \u00e0 un chef de file mondial en mati\u00e8re de syst\u00e8mes de filtration d\u2019air<\/li>\n<li>Ils offrent des collecteurs de poussi\u00e8re qui r\u00e9pondent pratiquement aux exigences de tout genre d\u2019application<\/li>\n<li>Porte avant sur mesure selon les exigences de filtration du d\u00e9bit d\u2019air entrant<\/li>\n<li>Mur arri\u00e8re sur mesure pour s\u2019adapter au syst\u00e8me de filtration de votre choix<\/li>\n<li>Ouvertures frontales sur mesure; porte-rideau conforme aux exigences de filtration d\u2019air entrant<\/li>\n<\/ul>\n<p>[\/vc_toggle][\/vc_column_inner][\/vc_row_inner][\/vc_column][vc_column width=\u00a0\u00bb1\/2&Prime;]<div class=\"video-js--shortcode wpb_content_element \">\r\n\t<video id=\"videojs6827\" preload=\"auto\" poster=\"https:\/\/chameleon.ca\/wp-content\/uploads\/2018\/11\/Dust-Collection-Video-Poster-1024x623.jpg\"\t\t   class=\"video-js vjs-big-play-centered \" controls   \t\t   preload=\"none\">\r\n\t\t\t\t\t<source src=\"https:\/\/chameleon.ca\/wp-content\/uploads\/2018\/11\/Dust-Fume-Collection-1118-1.mp4\" type=\"video\/mp4\">\r\n\t\t\t\tI'm sorry; your browser doesn't support HTML5 video in WebM with VP8\/VP9 or MP4 with H.264.\r\n\t<\/video>\r\n<\/div>[\/vc_column][\/vc_row][vc_row content_placement=\u00a0\u00bbmiddle\u00a0\u00bb el_id=\u00a0\u00bbfeatures\u00a0\u00bb][vc_column][vc_row_inner][vc_column_inner width=\u00a0\u00bb2\/3&Prime;][vc_column_text]<\/p>\n<h2>Caract\u00e9ristiques:<\/h2>\n<ul>\n<li>Toile tr\u00e8s translucide et ignifuge; laisse entrer la lumi\u00e8re ext\u00e9rieure<\/li>\n<li>Porte avant sur mesure selon les exigences de filtration du d\u00e9bit d\u2019air entrant<\/li>\n<li>Mur arri\u00e8re sur mesure pour s\u2019adapter au syst\u00e8me de filtration de votre choix<\/li>\n<li>Interfaces sur mesure pour les usagers (\u00ab porte pi\u00e9tonne \u00bb) et les appareils, si n\u00e9cessaire<\/li>\n<li>Livr\u00e9e sous forme de trousse (kit), y compris le mode d\u2019emploi complet d\u2019installation<\/li>\n<\/ul>\n<p>[\/vc_column_text][\/vc_column_inner][vc_column_inner width=\u00a0\u00bb1\/3&Prime;][vc_images_carousel images=\u00a0\u00bb5373,2527,2528,5378,2533,5380&Prime; img_size=\u00a0\u00bblarge\u00a0\u00bb hide_prev_next_buttons=\u00a0\u00bbyes\u00a0\u00bb][\/vc_column_inner][\/vc_row_inner][\/vc_column][\/vc_row][vc_row full_width=\u00a0\u00bbstretch_row\u00a0\u00bb css=\u00a0\u00bb.vc_custom_1569463696099{background-color: #f9f9f9 !important;}\u00a0\u00bb el_id=\u00a0\u00bbavailable-options\u00a0\u00bb][vc_column][vc_row_inner][vc_column_inner width=\u00a0\u00bb2\/3&Prime;][vc_column_text]<\/p>\n<h2>Options disponibles:<\/h2>\n<ul>\n<li>Syst\u00e8mes de d\u00e9poussi\u00e9rage<\/li>\n<li>Syst\u00e8me d\u2019extraction de vapeurs<\/li>\n<li>Syst\u00e8me d\u2019extinction d\u2019incendies<\/li>\n<\/ul>\n<p><strong>Vous offre des solutions de filtration de la poussi\u00e8re et des vapeurs<\/strong><\/p>\n<p>Chameleon s\u2019est joint \u00e0 un chef de file mondial en mati\u00e8re de syst\u00e8mes de filtration d\u2019air. Ils offrent des collecteurs de poussi\u00e8re qui r\u00e9pondent pratiquement aux exigences de tout genre d\u2019application.<\/p>\n<p>[\/vc_column_text][\/vc_column_inner][vc_column_inner width=\u00a0\u00bb1\/3&Prime;][vc_images_carousel images=\u00a0\u00bb5374,5377,5379,5385,2534&Prime; img_size=\u00a0\u00bblarge\u00a0\u00bb hide_prev_next_buttons=\u00a0\u00bbyes\u00a0\u00bb][\/vc_column_inner][\/vc_row_inner][\/vc_column][\/vc_row][vc_row el_id=\u00a0\u00bbfaq\u00a0\u00bb][vc_column][vc_column_text]<\/p>\n<h2>FAQ<\/h2>\n<p>[\/vc_column_text][vc_row_inner][vc_column_inner width=\u00a0\u00bb1\/2&Prime;][vc_toggle title=\u00a0\u00bbPourquoi devrais-je choisir une enceinte r\u00e9tractable plut\u00f4t qu\u2019une cabine en m\u00e9tal typique?\u00a0\u00bb color=\u00a0\u00bbgreen\u00a0\u00bb el_id=\u00a0\u00bb1466705450127-1dac92a9-5904&Prime;]Les enceintes r\u00e9tractables rendent les ateliers plus rentables et donnent un acc\u00e8s sup\u00e9rieur \u00e0 la zone de travail. Cette solution n\u2019est pas moins ch\u00e8re qu\u2019une cabine en m\u00e9tal et ne la remplace pas. Toutefois, la plupart du temps, elle offre un bien meilleur rendement du capital investi. [\/vc_toggle][vc_toggle title=\u00a0\u00bbDois-je acheter autre chose avec cette cabine?\u00a0\u00bb color=\u00a0\u00bbgreen\u00a0\u00bb el_id=\u00a0\u00bb1467757527487-6387f807-9c94&Prime;]Oui. Pour la fonction de sablage, vous devrez acheter un syst\u00e8me de filtration de la poussi\u00e8re et des vapeurs afin de les filtrer pour que l\u2019op\u00e9rateur puisse respirer en toute s\u00e9curit\u00e9. [\/vc_toggle][vc_toggle title=\u00a0\u00bbLa structure r\u00e9siste-t-elle \u00e0 la corrosion?\u00a0\u00bb color=\u00a0\u00bbgreen\u00a0\u00bb el_id=\u00a0\u00bb1467757550431-9680bdab-1036&Prime;]Les composantes structurelles sont en aluminium et\/ou en acier galvanis\u00e9. [\/vc_toggle][vc_toggle title=\u00a0\u00bbComment exp\u00e9diez-vous l\u2019enceinte?\u00a0\u00bb color=\u00a0\u00bbgreen\u00a0\u00bb el_id=\u00a0\u00bb1467757579009-d0870d7b-893f\u00a0\u00bb]Les enceintes r\u00e9tractables Chameleon sont exp\u00e9di\u00e9es par camion, sous forme de trousse. Nous vous pr\u00e9senterons le co\u00fbt d\u2019exp\u00e9dition le plus \u00e9conomique qui soit. Demandez-le \u00e0 votre repr\u00e9sentant technique.[\/vc_toggle][vc_toggle title=\u00a0\u00bbL\u2019enceinte prend combien de temps \u00e0 assembler?\u00a0\u00bb color=\u00a0\u00bbgreen\u00a0\u00bb el_id=\u00a0\u00bb1467757603352-d3db9952-f7cb\u00a0\u00bb]Une indication du temps d\u2019assemblage sera fournie dans votre soumission. Vous devrez avoir recours \u00e0 des entrepreneurs autoris\u00e9s pour brancher l\u2019alimentation \u00e9lectrique du d\u00e9poussi\u00e9reur et du capteur de vapeurs. [\/vc_toggle][\/vc_column_inner][vc_column_inner width=\u00a0\u00bb1\/2&Prime;][vc_toggle title=\u00a0\u00bbLa fonction de sablage endommagera-t-elle la toile des parois?\u00a0\u00bb color=\u00a0\u00bbgreen\u00a0\u00bb el_id=\u00a0\u00bb1466705502506-ba10dc28-8ccc\u00a0\u00bb]La fonction de sablage direct ou d\u00e9vi\u00e9 abimera les parois. On peut l\u2019\u00e9viter en suspendant des feuilles de n\u00e9opr\u00e8ne (caoutchouc) sur les parois lat\u00e9rales ou en utilisant un \u00e9cran ou une partition autour de la pi\u00e8ce usin\u00e9e pour prot\u00e9ger les parois contre la d\u00e9viation du sablage.<br \/>\nOui. Dans le cas du sablage, vous devrez acheter un collecteur d\u2019air, un conduit d\u2019\u00e9vacuation d\u2019air ainsi qu\u2019un panneau de contr\u00f4le. Chameleon offre un collecteur d\u2019air \u00e9conomique (conforme \u00e0 la norme EPA 6H).<br \/>\n[\/vc_toggle][vc_toggle title=\u00a0\u00bbEn quoi une enceinte r\u00e9tractable \u00ab poussi\u00e8re\/vapeur \u00bb est-elle fabriqu\u00e9e?\u00a0\u00bb color=\u00a0\u00bbgreen\u00a0\u00bb el_id=\u00a0\u00bb1467757538137-87a9217a-6999&Prime;]Toutes les structures de nos enceintes de sablage sont en m\u00e9tal et d\u2019une toile robuste et ignifuge en PVC \u00e0 ouverture libre (conformes \u00e0 la norme NFPA 701 et au titre 19, article 1237 de la Californie).[\/vc_toggle][vc_toggle title=\u00a0\u00bbLa pi\u00e8ce d\u2019\u00e9chappement fonctionnera-t-elle par une alimentation monophas\u00e9e?\u00a0\u00bb color=\u00a0\u00bbgreen\u00a0\u00bb el_id=\u00a0\u00bb1467757565216-f2252784-6b5f\u00a0\u00bb]La plupart des d\u00e9poussi\u00e9reurs sont livr\u00e9s avec un moteur triphas\u00e9 de 230\/460V\/60HZ. Des moteurs monophas\u00e9s sont \u00e9galement disponibles. Discutez de vos besoins avec votre repr\u00e9sentant technique.[\/vc_toggle][vc_toggle title=\u00a0\u00bbDois-je avoir un chariot \u00e9l\u00e9vateur pour d\u00e9charger l\u2019enceinte \u00e0 son arriv\u00e9e?\u00a0\u00bb color=\u00a0\u00bbgreen\u00a0\u00bb el_id=\u00a0\u00bb1467757590406-f3fa7fa7-aba1&Prime;]De pr\u00e9f\u00e9rence, vous devriez en avoir un. Si vous n\u2019en avez pas, vous pouvez d\u00e9baller les cartons d\u2019emballage dans le camion et d\u00e9charger les pi\u00e8ces une \u00e0 la fois. Si tel est le cas, vous devrez prendre les dispositions avec le chauffeur-livreur (des frais additionnels peuvent s\u2019appliquer). Si vous ne pouvez pas disposer d\u2019un chariot \u00e9l\u00e9vateur, vous devrez nous en informer lorsque vous placerez votre commande.[\/vc_toggle][\/vc_column_inner][\/vc_row_inner][\/vc_column][\/vc_row][vc_row full_width=\u00a0\u00bbstretch_row\u00a0\u00bb el_id=\u00a0\u00bbliterature\u00a0\u00bb css=\u00a0\u00bb.vc_custom_1569463652199{background-color: #f9f9f9 !important;}\u00a0\u00bb][vc_column][vc_column_text]<\/p>\n<h2>Brochures imprimables<\/h2>\n<p>[\/vc_column_text][vc_row_inner][vc_column_inner width=\u00a0\u00bb1\/2&Prime;][vc_icon icon_fontawesome=\u00a0\u00bbfa fa-file-pdf-o\u00a0\u00bb color=\u00a0\u00bbwhite\u00a0\u00bb background_style=\u00a0\u00bbrounded\u00a0\u00bb background_color=\u00a0\u00bbblue\u00a0\u00bb size=\u00a0\u00bblg\u00a0\u00bb align=\u00a0\u00bbcenter\u00a0\u00bb link=\u00a0\u00bburl:http%3A%2F%2Fchameleon.ca%2Fwp-content%2Fuploads%2F2016%2F08%2FBrochure-Dust-Fume-Collection.pdf|title:Fume%20and%20Dust%20Filtration|target:%20_blank|\u00a0\u00bb][vc_column_text]<a class=\"center aligncenter\" href=\"http:\/\/chameleon.ca\/wp-content\/uploads\/2016\/08\/Brochure-Dust-Fume-Collection-1.pdf\">Brochure &#8211; Dust &amp; Fume Collection<\/a><\/p>\n<p>[\/vc_column_text][\/vc_column_inner][vc_column_inner width=\u00a0\u00bb1\/2&Prime;][vc_icon icon_fontawesome=\u00a0\u00bbfa fa-file-pdf-o\u00a0\u00bb color=\u00a0\u00bbwhite\u00a0\u00bb background_style=\u00a0\u00bbrounded\u00a0\u00bb background_color=\u00a0\u00bbblue\u00a0\u00bb size=\u00a0\u00bblg\u00a0\u00bb align=\u00a0\u00bbcenter\u00a0\u00bb link=\u00a0\u00bburl:http%3A%2F%2Fchameleon.ca%2Fwp-content%2Fuploads%2F2016%2F08%2FBrochure-Industrial-Applications.pdf||target:%20_blank|\u00a0\u00bb][vc_column_text]<a class=\"center aligncenter\" href=\"http:\/\/chameleon.ca\/wp-content\/uploads\/2016\/08\/Brochure-Dust-Fume-Collection-1.pdf\">Brochure &#8211; Industrial Applications<\/a><\/p>\n<p>[\/vc_column_text][\/vc_column_inner][\/vc_row_inner][\/vc_column][\/vc_row][vc_row el_id=\u00a0\u00bbtestimonials\u00a0\u00bb][vc_column][vc_column_text]<\/p>\n<h2>T\u00e9moinages<\/h2>\n<p>[\/vc_column_text][vc_tta_pageable no_fill_content_area=\u00a0\u00bb1&Prime; autoplay=\u00a0\u00bb5&Prime; active_section=\u00a0\u00bb1&Prime; pagination_style=\u00a0\u00bbflat-round\u00a0\u00bb pagination_color=\u00a0\u00bbgreen\u00a0\u00bb][vc_tta_section title=\u00a0\u00bbSection 1&Prime; tab_id=\u00a0\u00bb1466185744942-ae092c45-c900&Prime;][vc_column_text]\u00a0\u00bbLe syst\u00e8me de d\u00e9poussi\u00e9rage est r\u00e9ellement efficace pour nous. La fonction autonettoyante sauve \u00e9norm\u00e9ment de temps. C\u2019est de l\u2019argent bien investi. Notre repr\u00e9sentant Chameleon est sympathique et tr\u00e8s utile. Aucune plainte \u00e0 formuler.\u00a0\u00bb<\/p>\n<p><strong>Dennis Davie, Responsable de la logistique et de la s\u00e9curit\u00e9, E-Pak Manufacturing, SARL (soci\u00e9t\u00e9 \u00e0 responsabilit\u00e9 limit\u00e9e)<\/strong><\/p>\n<p>[\/vc_column_text][\/vc_tta_section][\/vc_tta_pageable][\/vc_column][\/vc_row]<\/p>\n<\/div>","protected":false},"excerpt":{"rendered":"<p>[vc_row full_width=\u00a0\u00bbstretch_row\u00a0\u00bb el_class=\u00a0\u00bbsticky_row\u00a0\u00bb css=\u00a0\u00bb.vc_custom_1569463718946{background-color: #1379bf !important;}\u00a0\u00bb][vc_column][\/vc_column][\/vc_row][vc_row full_width=\u00a0\u00bbstretch_row\u00a0\u00bb el_id=\u00a0\u00bbwhy-chameleon\u00a0\u00bb css=\u00a0\u00bb.vc_custom_1569463645506{background-color: #f9f9f9 !important;}\u00a0\u00bb][vc_column width=\u00a0\u00bb1\/2&Prime;][vc_row_inner][vc_column_inner][vc_column_text] Pourquoi Chameleon? Les particules de poussi\u00e8re provenant des applications de sablage et de meulage sont courantes et sont pr\u00e9sentes dans la majorit\u00e9 des milieux industriels. Il est n\u00e9cessaire de se pr\u00e9valoir d\u2019un syst\u00e8me de d\u00e9poussi\u00e9rage et de r\u00e9cup\u00e9ration des vapeurs bien con\u00e7u et [&hellip;]<\/p>\n","protected":false},"author":190,"featured_media":8044,"parent":1758,"menu_order":0,"comment_status":"open","ping_status":"open","template":"","meta":{"footnotes":""},"class_list":["post-1792","page","type-page","status-publish","has-post-thumbnail","hentry"],"_links":{"self":[{"href":"https:\/\/chameleon.ca\/fr\/wp-json\/wp\/v2\/pages\/1792","targetHints":{"allow":["GET"]}}],"collection":[{"href":"https:\/\/chameleon.ca\/fr\/wp-json\/wp\/v2\/pages"}],"about":[{"href":"https:\/\/chameleon.ca\/fr\/wp-json\/wp\/v2\/types\/page"}],"author":[{"embeddable":true,"href":"https:\/\/chameleon.ca\/fr\/wp-json\/wp\/v2\/users\/190"}],"replies":[{"embeddable":true,"href":"https:\/\/chameleon.ca\/fr\/wp-json\/wp\/v2\/comments?post=1792"}],"version-history":[{"count":33,"href":"https:\/\/chameleon.ca\/fr\/wp-json\/wp\/v2\/pages\/1792\/revisions"}],"predecessor-version":[{"id":9058,"href":"https:\/\/chameleon.ca\/fr\/wp-json\/wp\/v2\/pages\/1792\/revisions\/9058"}],"up":[{"embeddable":true,"href":"https:\/\/chameleon.ca\/fr\/wp-json\/wp\/v2\/pages\/1758"}],"wp:featuredmedia":[{"embeddable":true,"href":"https:\/\/chameleon.ca\/fr\/wp-json\/wp\/v2\/media\/8044"}],"wp:attachment":[{"href":"https:\/\/chameleon.ca\/fr\/wp-json\/wp\/v2\/media?parent=1792"}],"curies":[{"name":"wp","href":"https:\/\/api.w.org\/{rel}","templated":true}]}}