{"id":1800,"date":"2015-06-11T15:33:37","date_gmt":"2015-06-11T15:33:37","guid":{"rendered":"http:\/\/chameleon.ca\/?page_id=1800&#038;lang=fr"},"modified":"2019-01-31T05:25:22","modified_gmt":"2019-01-31T05:25:22","slug":"lentreprise","status":"publish","type":"page","link":"https:\/\/chameleon.ca\/fr\/lentreprise\/","title":{"rendered":"L\u2019entreprise"},"content":{"rendered":"<div class=\"wpb-content-wrapper\"><p>[vc_row][vc_column][vc_row_inner][vc_column_inner width=\u00a0\u00bb2\/3&Prime;][vc_column_text]<\/p>\n<h1>\u00c0 propos de Chameleon<\/h1>\n<p>Innovations Chameleon (fusion de Chameleon Transportation Systems Inc. et Chamtech Systems) est \u00e9tablie \u00e0 Montr\u00e9al. L\u2019entreprise offre plusieurs solutions \u00e0 la fine pointe de l\u2019industrie en mati\u00e8re de protection d\u2019applications industrielles. Chameleon met sur pied, con\u00e7oit, fabrique et installe des solutions d\u2019\u00e9l\u00e9ments r\u00e9tractables. Choisir Chameleon vous garantit une qualit\u00e9 indiscutable, du d\u00e9but \u00e0 la fin, en mati\u00e8re de conception, de construction et de service \u00e0 la client\u00e8le. Les connaissances et le savoir-faire de Chameleon se sont acquis gr\u00e2ce \u00e0 plus de trois d\u00e9cennies de service \u00e0 la client\u00e8le et de conception novatrice remarquables dans les domaines ferroviaire, du transport et de l\u2019industrie. La mission Chameleon consiste \u00e0 offrir des services d\u2019ing\u00e9nierie et de fabrication aux industries qui veulent un rev\u00eatement con\u00e7u sur mesure ou une solution d\u2019entreposage qui leur procurent un rendement rapide du capital investi.<\/p>\n<p>[\/vc_column_text][\/vc_column_inner][vc_column_inner width=\u00a0\u00bb1\/3&Prime;][vc_single_image image=\u00a0\u00bb1350&Prime; img_size=\u00a0\u00bblarge\u00a0\u00bb onclick=\u00a0\u00bbzoom\u00a0\u00bb][\/vc_column_inner][\/vc_row_inner][\/vc_column][\/vc_row]<\/p>\n<\/div>","protected":false},"excerpt":{"rendered":"<p>[vc_row][vc_column][vc_row_inner][vc_column_inner width=\u00a0\u00bb2\/3&Prime;][vc_column_text] \u00c0 propos de Chameleon Innovations Chameleon (fusion de Chameleon Transportation Systems Inc. et Chamtech Systems) est \u00e9tablie \u00e0 Montr\u00e9al. L\u2019entreprise offre plusieurs solutions \u00e0 la fine pointe de l\u2019industrie en mati\u00e8re de protection d\u2019applications industrielles. Chameleon met sur pied, con\u00e7oit, fabrique et installe des solutions d\u2019\u00e9l\u00e9ments r\u00e9tractables. Choisir Chameleon vous garantit une qualit\u00e9 [&hellip;]<\/p>\n","protected":false},"author":22,"featured_media":6097,"parent":0,"menu_order":0,"comment_status":"open","ping_status":"open","template":"","meta":{"footnotes":""},"class_list":["post-1800","page","type-page","status-publish","has-post-thumbnail","hentry"],"_links":{"self":[{"href":"https:\/\/chameleon.ca\/fr\/wp-json\/wp\/v2\/pages\/1800","targetHints":{"allow":["GET"]}}],"collection":[{"href":"https:\/\/chameleon.ca\/fr\/wp-json\/wp\/v2\/pages"}],"about":[{"href":"https:\/\/chameleon.ca\/fr\/wp-json\/wp\/v2\/types\/page"}],"author":[{"embeddable":true,"href":"https:\/\/chameleon.ca\/fr\/wp-json\/wp\/v2\/users\/22"}],"replies":[{"embeddable":true,"href":"https:\/\/chameleon.ca\/fr\/wp-json\/wp\/v2\/comments?post=1800"}],"version-history":[{"count":5,"href":"https:\/\/chameleon.ca\/fr\/wp-json\/wp\/v2\/pages\/1800\/revisions"}],"predecessor-version":[{"id":3027,"href":"https:\/\/chameleon.ca\/fr\/wp-json\/wp\/v2\/pages\/1800\/revisions\/3027"}],"wp:featuredmedia":[{"embeddable":true,"href":"https:\/\/chameleon.ca\/fr\/wp-json\/wp\/v2\/media\/6097"}],"wp:attachment":[{"href":"https:\/\/chameleon.ca\/fr\/wp-json\/wp\/v2\/media?parent=1800"}],"curies":[{"name":"wp","href":"https:\/\/api.w.org\/{rel}","templated":true}]}}